{"id":231205,"date":"2022-05-30T10:28:14","date_gmt":"2022-05-30T09:28:14","guid":{"rendered":"https:\/\/vuk.udgeschichte.hu\/?page_id=231205"},"modified":"2025-10-07T09:43:29","modified_gmt":"2025-10-07T08:43:29","slug":"programok","status":"publish","type":"page","link":"https:\/\/vukinder.hu\/hu\/programok\/","title":{"rendered":"Programok"},"content":{"rendered":"<p>[et_pb_section fb_built=&#8221;1&#8243; admin_label=&#8221;Articles&#8221; _builder_version=&#8221;4.16&#8243; _module_preset=&#8221;default&#8221; custom_width_px__hover=&#8221;1080px&#8221; custom_width_px__hover_enabled=&#8221;1080px&#8221; custom_width_percent__hover=&#8221;80%&#8221; custom_width_percent__hover_enabled=&#8221;80%&#8221; locked=&#8221;off&#8221; global_colors_info=&#8221;{}&#8221; gutter_width__hover=&#8221;3&#8243; gutter_width__hover_enabled=&#8221;3&#8243; parallax_1__hover=&#8221;off&#8221; parallax_1__hover_enabled=&#8221;off&#8221; parallax_2__hover=&#8221;off&#8221; parallax_2__hover_enabled=&#8221;off&#8221; parallax_3__hover=&#8221;off&#8221; parallax_3__hover_enabled=&#8221;off&#8221; parallax_method_1__hover=&#8221;on&#8221; parallax_method_1__hover_enabled=&#8221;on&#8221; parallax_method_2__hover=&#8221;on&#8221; parallax_method_2__hover_enabled=&#8221;on&#8221; parallax_method_3__hover=&#8221;on&#8221; parallax_method_3__hover_enabled=&#8221;on&#8221; background_size__hover=&#8221;cover&#8221; background_size__hover_enabled=&#8221;cover&#8221; use_background_color_gradient__hover=&#8221;off&#8221; use_background_color_gradient__hover_enabled=&#8221;off&#8221; background_color_gradient_start__hover=&#8221;#2b87da&#8221; background_color_gradient_start__hover_enabled=&#8221;#2b87da&#8221; background_color_gradient_end__hover=&#8221;#29c4a9&#8243; background_color_gradient_end__hover_enabled=&#8221;#29c4a9&#8243; background_color_gradient_type__hover=&#8221;linear&#8221; background_color_gradient_type__hover_enabled=&#8221;linear&#8221; background_color_gradient_direction__hover=&#8221;180deg&#8221; background_color_gradient_direction__hover_enabled=&#8221;180deg&#8221; background_color_gradient_direction_radial__hover=&#8221;center&#8221; background_color_gradient_direction_radial__hover_enabled=&#8221;center&#8221; background_color_gradient_start_position__hover=&#8221;0%&#8221; background_color_gradient_start_position__hover_enabled=&#8221;0%&#8221; background_color_gradient_end_position__hover=&#8221;100%&#8221; background_color_gradient_end_position__hover_enabled=&#8221;100%&#8221; background_color_gradient_overlays_image__hover=&#8221;off&#8221; background_color_gradient_overlays_image__hover_enabled=&#8221;off&#8221; parallax__hover=&#8221;off&#8221; parallax__hover_enabled=&#8221;off&#8221; parallax_method__hover=&#8221;on&#8221; parallax_method__hover_enabled=&#8221;on&#8221; background_position__hover=&#8221;center&#8221; background_position__hover_enabled=&#8221;center&#8221; background_repeat__hover=&#8221;no-repeat&#8221; background_repeat__hover_enabled=&#8221;no-repeat&#8221; background_blend__hover=&#8221;normal&#8221; background_blend__hover_enabled=&#8221;normal&#8221; allow_player_pause__hover=&#8221;off&#8221; allow_player_pause__hover_enabled=&#8221;off&#8221; background_video_pause_outside_viewport__hover=&#8221;on&#8221; background_video_pause_outside_viewport__hover_enabled=&#8221;on&#8221; inner_shadow__hover=&#8221;off&#8221; inner_shadow__hover_enabled=&#8221;off&#8221; make_fullwidth__hover=&#8221;off&#8221; make_fullwidth__hover_enabled=&#8221;off&#8221; use_custom_width__hover=&#8221;off&#8221; use_custom_width__hover_enabled=&#8221;off&#8221; width_unit__hover=&#8221;on&#8221; width_unit__hover_enabled=&#8221;on&#8221; make_equal__hover=&#8221;off&#8221; make_equal__hover_enabled=&#8221;off&#8221; use_custom_gutter__hover=&#8221;off&#8221; use_custom_gutter__hover_enabled=&#8221;off&#8221; border_radii__hover=&#8221;on||||&#8221; border_radii__hover_enabled=&#8221;on||||&#8221; box_shadow_style__hover=&#8221;none&#8221; box_shadow_style__hover_enabled=&#8221;none&#8221; box_shadow_color__hover=&#8221;rgba(0,0,0,0.3)&#8221; box_shadow_color__hover_enabled=&#8221;rgba(0,0,0,0.3)&#8221; max_width__hover=&#8221;100%&#8221; max_width__hover_enabled=&#8221;100%&#8221; filter_hue_rotate__hover=&#8221;0deg&#8221; filter_hue_rotate__hover_enabled=&#8221;0deg&#8221; filter_saturate__hover=&#8221;100%&#8221; filter_saturate__hover_enabled=&#8221;100%&#8221; filter_brightness__hover=&#8221;100%&#8221; filter_brightness__hover_enabled=&#8221;100%&#8221; filter_contrast__hover=&#8221;100%&#8221; filter_contrast__hover_enabled=&#8221;100%&#8221; filter_invert__hover=&#8221;0%&#8221; filter_invert__hover_enabled=&#8221;0%&#8221; filter_sepia__hover=&#8221;0%&#8221; filter_sepia__hover_enabled=&#8221;0%&#8221; filter_opacity__hover=&#8221;100%&#8221; filter_opacity__hover_enabled=&#8221;100%&#8221; filter_blur__hover=&#8221;0px&#8221; filter_blur__hover_enabled=&#8221;0px&#8221; mix_blend_mode__hover=&#8221;normal&#8221; mix_blend_mode__hover_enabled=&#8221;normal&#8221; animation_style__hover=&#8221;none&#8221; animation_style__hover_enabled=&#8221;none&#8221; animation_repeat__hover=&#8221;once&#8221; animation_repeat__hover_enabled=&#8221;once&#8221; animation_direction__hover=&#8221;center&#8221; animation_direction__hover_enabled=&#8221;center&#8221; animation_duration__hover=&#8221;1000ms&#8221; animation_duration__hover_enabled=&#8221;1000ms&#8221; animation_delay__hover=&#8221;0ms&#8221; animation_delay__hover_enabled=&#8221;0ms&#8221; animation_intensity_slide__hover=&#8221;50%&#8221; animation_intensity_slide__hover_enabled=&#8221;50%&#8221; animation_intensity_zoom__hover=&#8221;50%&#8221; animation_intensity_zoom__hover_enabled=&#8221;50%&#8221; animation_intensity_flip__hover=&#8221;50%&#8221; animation_intensity_flip__hover_enabled=&#8221;50%&#8221; animation_intensity_fold__hover=&#8221;50%&#8221; animation_intensity_fold__hover_enabled=&#8221;50%&#8221; animation_intensity_roll__hover=&#8221;50%&#8221; animation_intensity_roll__hover_enabled=&#8221;50%&#8221; animation_starting_opacity__hover=&#8221;0%&#8221; animation_starting_opacity__hover_enabled=&#8221;0%&#8221; animation_speed_curve__hover=&#8221;ease-in-out&#8221; animation_speed_curve__hover_enabled=&#8221;ease-in-out&#8221; hover_transition_duration__hover=&#8221;300ms&#8221; hover_transition_duration__hover_enabled=&#8221;300ms&#8221; hover_transition_delay__hover=&#8221;0ms&#8221; hover_transition_delay__hover_enabled=&#8221;0ms&#8221; hover_transition_speed_curve__hover=&#8221;ease&#8221; hover_transition_speed_curve__hover_enabled=&#8221;ease&#8221; background_color_gradient_stops__hover=&#8221;#2b87da 0%|#29c4a9 100%&#8221;][et_pb_row _builder_version=&#8221;4.24.3&#8243; _module_preset=&#8221;default&#8221; max_width=&#8221;1280px&#8221; locked=&#8221;off&#8221; global_colors_info=&#8221;{}&#8221;][et_pb_column type=&#8221;4_4&#8243; _builder_version=&#8221;4.17.4&#8243; _module_preset=&#8221;default&#8221; global_colors_info=&#8221;{}&#8221;][et_pb_text _builder_version=&#8221;4.24.3&#8243; _module_preset=&#8221;default&#8221; text_font=&#8221;||||||||&#8221; text_font_size=&#8221;21px&#8221; text_line_height=&#8221;1.8em&#8221; header_font=&#8221;||||||||&#8221; header_text_color=&#8221;#0C71C3&#8243; header_2_font=&#8221;|300|||||||&#8221; header_2_font_size=&#8221;35px&#8221; header_2_line_height=&#8221;1.5em&#8221; text_orientation=&#8221;center&#8221; min_height=&#8221;56px&#8221; custom_padding=&#8221;||0px||false|false&#8221; header_2_font_size_tablet=&#8221;30px&#8221; header_2_font_size_phone=&#8221;20px&#8221; header_2_font_size_last_edited=&#8221;on|phone&#8221; border_color_all=&#8221;#7CDA24&#8243; border_width_bottom=&#8221;1px&#8221; border_color_bottom=&#8221;#0c71c3&#8243; locked=&#8221;off&#8221; global_colors_info=&#8221;{}&#8221;]<\/p>\n<h1 style=\"text-align: center;\"><strong>Programok<\/strong><\/h1>\n<p>[\/et_pb_text][\/et_pb_column][\/et_pb_row][et_pb_row column_structure=&#8221;2_5,3_5&#8243; use_custom_gutter=&#8221;on&#8221; gutter_width=&#8221;1&#8243; make_equal=&#8221;on&#8221; padding_top_bottom_link_1=&#8221;true&#8221; padding_top_bottom_link_2=&#8221;false&#8221; padding_left_right_link_2=&#8221;false&#8221; _builder_version=&#8221;4.24.2&#8243; _module_preset=&#8221;default&#8221; background_color=&#8221;#b7e2ff&#8221; max_width=&#8221;1280px&#8221; custom_margin=&#8221;32px||64px||false|false&#8221; custom_padding=&#8221;0px||0px||false|false&#8221; border_radii=&#8221;on|24px|24px|24px|24px&#8221; use_custom_width=&#8221;on&#8221; custom_width_px=&#8221;1280px&#8221; global_colors_info=&#8221;{}&#8221;][et_pb_column type=&#8221;2_5&#8243; _builder_version=&#8221;4.24.2&#8243; _module_preset=&#8221;default&#8221; custom_padding=&#8221;0px||0px||false|false&#8221; global_colors_info=&#8221;{}&#8221; custom_padding__hover=&#8221;|||&#8221;][et_pb_image src=&#8221;http:\/\/vuk.udgeschichte.hu\/wp-content\/uploads\/2023\/12\/Bei-der-Arbeit-was-beinhalten-die-Schieferplatten-scaled.jpg&#8221; title_text=&#8221;Bei der Arbeit &#8211; was beinhalten die Schieferplatten&#8221; _builder_version=&#8221;4.24.2&#8243; _module_preset=&#8221;default&#8221; border_radii=&#8221;on|24px|24px|24px|24px&#8221; global_colors_info=&#8221;{}&#8221;][\/et_pb_image][\/et_pb_column][et_pb_column type=&#8221;3_5&#8243; _builder_version=&#8221;4.24.2&#8243; _module_preset=&#8221;default&#8221; custom_padding=&#8221;0px||0px||false|false&#8221; global_colors_info=&#8221;{}&#8221; custom_padding__hover=&#8221;|||&#8221;][et_pb_text _builder_version=&#8221;4.27.4&#8243; _module_preset=&#8221;default&#8221; background_enable_color=&#8221;off&#8221; custom_margin=&#8221;0px||0px||false|false&#8221; custom_padding=&#8221;32px|32px|32px|32px|false|false&#8221; global_colors_info=&#8221;{}&#8221;]<\/p>\n<h1>Csal\u00e1di h\u00e9tv\u00e9ge<\/h1>\n<p>Szeretettel v\u00e1runk okt\u00f3ber utols\u00f3 h\u00e9tv\u00e9g\u00e9j\u00e9n minden kicsit \u00e9s nagyot csal\u00e1di rendezv\u00e9ny\u00fcnkre, ahol v\u00e1ltozatos programokat k\u00edn\u00e1lunk a fiatal \u00e9s az id\u0151sebb nemzed\u00e9k sz\u00e1m\u00e1ra egyar\u00e1nt. C\u00e9lunk a csal\u00e1dokat a k\u00e9tnyelv\u0171 nevel\u00e9s ter\u00e9n t\u00e1mogatni \u00e9s nemzetis\u00e9gi tudatukat meger\u0151s\u00edteni. A rendezv\u00e9ny a N\u00e9met Bel\u00fcgyminiszt\u00e9rium t\u00e1mogat\u00e1s\u00e1val val\u00f3sul meg.<\/p>\n<p>&nbsp;<\/p>\n<p>[\/et_pb_text][et_pb_button button_url=&#8221;@ET-DC@eyJkeW5hbWljIjp0cnVlLCJjb250ZW50IjoicG9zdF9saW5rX3VybF9wYWdlIiwic2V0dGluZ3MiOnsicG9zdF9pZCI6IjIzMTk0MSJ9fQ==@&#8221; button_text=&#8221;Tov\u00e1bb&#8230;&#8221; _builder_version=&#8221;4.27.4&#8243; _dynamic_attributes=&#8221;button_url&#8221; _module_preset=&#8221;default&#8221; custom_button=&#8221;on&#8221; button_text_color=&#8221;#FFFFFF&#8221; button_bg_color=&#8221;#E09900&#8243; custom_margin=&#8221;||40px|40px|false|false&#8221; global_colors_info=&#8221;{}&#8221;][\/et_pb_button][\/et_pb_column][\/et_pb_row][et_pb_row column_structure=&#8221;3_5,2_5&#8243; use_custom_gutter=&#8221;on&#8221; gutter_width=&#8221;1&#8243; make_equal=&#8221;on&#8221; padding_top_bottom_link_1=&#8221;true&#8221; padding_top_bottom_link_2=&#8221;false&#8221; padding_left_right_link_2=&#8221;false&#8221; _builder_version=&#8221;4.24.2&#8243; _module_preset=&#8221;default&#8221; background_color=&#8221;#e0e0e0&#8243; max_width=&#8221;1280px&#8221; custom_margin=&#8221;32px||64px||false|false&#8221; custom_padding=&#8221;0px||0px||false|false&#8221; border_radii=&#8221;on|24px|24px|24px|24px&#8221; use_custom_width=&#8221;on&#8221; custom_width_px=&#8221;1280px&#8221; global_colors_info=&#8221;{}&#8221;][et_pb_column type=&#8221;3_5&#8243; _builder_version=&#8221;4.24.2&#8243; _module_preset=&#8221;default&#8221; custom_padding=&#8221;0px||0px||false|false&#8221; global_colors_info=&#8221;{}&#8221; custom_padding__hover=&#8221;|||&#8221;][et_pb_text _builder_version=&#8221;4.27.4&#8243; _module_preset=&#8221;default&#8221; background_enable_color=&#8221;off&#8221; custom_margin=&#8221;0px||0px||false|false&#8221; custom_padding=&#8221;40px|40px|40px|40px|false|false&#8221; hover_enabled=&#8221;0&#8243; global_colors_info=&#8221;{}&#8221; sticky_enabled=&#8221;0&#8243;]<\/p>\n<h1>El\u0151ad\u00e1sok<\/h1>\n<p style=\"font-weight: 400;\">Id\u00e9n a<span>\u00a0<\/span><strong>Bethlen G\u00e1bor Alap<\/strong><span>\u00a0<\/span>t\u00e1mogat\u00e1s\u00e1nak k\u00f6sz\u00f6nhet\u0151en k\u00e9tnyelv\u0171 el\u0151ad\u00e1sok (\u201eValeria Koch: A herceg \u00e9s a r\u00f3zsa\u201d) ker\u00fclnek megrendez\u00e9sre<span>\u00a0<\/span><strong>n\u00e9gy n\u00e9met nemzetis\u00e9gi \u00e1ltal\u00e1nos iskol\u00e1ban<\/strong>, valamint egy vid\u00e1m koncert kisgyerekek sz\u00e1m\u00e1ra (\u201e\u0150szi id\u0151\u201d)<span>\u00a0<\/span><strong>h\u00e1rom n\u00e9met nemzetis\u00e9gi \u00f3vod\u00e1ban<\/strong>. Ezek megszervez\u00e9s\u00e9hez k\u00f6zvetlen\u00fcl vessz\u00fck fel a kapcsolatot a baranyai int\u00e9zm\u00e9nyekkel.<\/p>\n<p style=\"font-weight: 400;\">A<span>\u00a0<\/span><strong>Baden-W\u00fcrttemberg tartom\u00e1ny Dunai Sv\u00e1b Kultur\u00e1lis Alap\u00edtv\u00e1ny<\/strong>\u00e1nak t\u00e1mogat\u00e1s\u00e1val az eg\u00e9sz orsz\u00e1gban turn\u00e9t szervez\u00fcnk a magyarorsz\u00e1gi n\u00e9met k\u00f6lt\u0151n\u0151, Christina Arnold r\u00e9szv\u00e9tel\u00e9vel, amelynek keret\u00e9ben<span>\u00a0<\/span><strong>tizen\u00f6t nemzetis\u00e9gi iskola<\/strong><span>\u00a0<\/span>\u00e9s<span>\u00a0<\/span><strong>k\u00e9t nemzetis\u00e9gi gimn\u00e1zium<\/strong><span>\u00a0<\/span>(a DNG \u00e9s a Schiller Gimn\u00e1zium) di\u00e1kjai ismerkedhetnek meg a kort\u00e1rs n\u00e9met nemzetis\u00e9gi irodalommal. A l\u00e1togat\u00e1sok sor\u00e1n szorosabb \u00e9s szem\u00e9lyesebb kapcsolatokat alak\u00edtunk ki az int\u00e9zm\u00e9nyek \u00e9s az egyes\u00fclet k\u00f6z\u00f6tt.<\/p>\n<p>[\/et_pb_text][\/et_pb_column][et_pb_column type=&#8221;2_5&#8243; _builder_version=&#8221;4.24.2&#8243; _module_preset=&#8221;default&#8221; custom_padding=&#8221;0px||0px||false|false&#8221; global_colors_info=&#8221;{}&#8221; custom_padding__hover=&#8221;|||&#8221;][et_pb_image src=&#8221;http:\/\/vuk.udgeschichte.hu\/wp-content\/uploads\/2024\/04\/Vortrage.jpg&#8221; title_text=&#8221;Vortrage&#8221; _builder_version=&#8221;4.24.3&#8243; _module_preset=&#8221;default&#8221; border_radii=&#8221;on|24px|24px|24px|24px&#8221; global_colors_info=&#8221;{}&#8221;][\/et_pb_image][\/et_pb_column][\/et_pb_row][et_pb_row column_structure=&#8221;2_5,3_5&#8243; use_custom_gutter=&#8221;on&#8221; gutter_width=&#8221;1&#8243; make_equal=&#8221;on&#8221; padding_top_bottom_link_1=&#8221;true&#8221; padding_top_bottom_link_2=&#8221;false&#8221; padding_left_right_link_2=&#8221;false&#8221; _builder_version=&#8221;4.24.2&#8243; _module_preset=&#8221;default&#8221; background_color=&#8221;#b3e5c8&#8243; max_width=&#8221;1280px&#8221; custom_margin=&#8221;32px||64px||false|false&#8221; custom_padding=&#8221;0px||0px||false|false&#8221; border_radii=&#8221;on|24px|24px|24px|24px&#8221; use_custom_width=&#8221;on&#8221; custom_width_px=&#8221;1280px&#8221; global_colors_info=&#8221;{}&#8221;][et_pb_column type=&#8221;2_5&#8243; _builder_version=&#8221;4.24.2&#8243; _module_preset=&#8221;default&#8221; custom_padding=&#8221;0px||0px||false|false&#8221; global_colors_info=&#8221;{}&#8221; custom_padding__hover=&#8221;|||&#8221;][et_pb_image src=&#8221;http:\/\/vuk.udgeschichte.hu\/wp-content\/uploads\/2023\/12\/Beim-Losen-der-Aufgaben-im-Freien-scaled.jpg&#8221; title_text=&#8221;Beim L\u00f6sen der Aufgaben im Freien&#8221; _builder_version=&#8221;4.24.2&#8243; _module_preset=&#8221;default&#8221; custom_margin=&#8221;0px||0px|0px|false|false&#8221; border_radii=&#8221;on|24px|24px|24px|24px&#8221; global_colors_info=&#8221;{}&#8221;][\/et_pb_image][\/et_pb_column][et_pb_column type=&#8221;3_5&#8243; _builder_version=&#8221;4.24.2&#8243; _module_preset=&#8221;default&#8221; custom_padding=&#8221;0px||0px||false|false&#8221; global_colors_info=&#8221;{}&#8221; custom_padding__hover=&#8221;|||&#8221;][et_pb_text _builder_version=&#8221;4.24.3&#8243; _module_preset=&#8221;default&#8221; background_enable_color=&#8221;off&#8221; custom_margin=&#8221;0px||0px||false|false&#8221; custom_padding=&#8221;40px|40px|40px|40px|false|false&#8221; global_colors_info=&#8221;{}&#8221;]<\/p>\n<h1>T\u00e1borok<\/h1>\n<p>Sz\u00e1mos ny\u00e1ri t\u00e1bort k\u00edn\u00e1lunk a 7-15 \u00e9ves gyerekek sz\u00e1m\u00e1ra. J\u00f3kedv, \u00faj bar\u00e1tok, \u00e9rdekes \u00e9s sz\u00f3rakoztat\u00f3 programok, valamint kreat\u00edv foglalkoz\u00e1sok v\u00e1rj\u00e1k a r\u00e9sztvev\u0151ket. Programjainkat k\u00e9t nyelven (n\u00e9met\u00fcl \u00e9s magyarul) bonyol\u00edtjuk le. Biztosan mindenki tal\u00e1l valami kedv\u00e9re val\u00f3t az aj\u00e1nlataink k\u00f6z\u00f6tt, ehhez kattintson egyszer\u0171en csak a &#8222;Tov\u00e1bb&#8221; gombra.<\/p>\n<p>[\/et_pb_text][et_pb_button button_url=&#8221;@ET-DC@eyJkeW5hbWljIjp0cnVlLCJjb250ZW50IjoicG9zdF9saW5rX3VybF9wYWdlIiwic2V0dGluZ3MiOnsicG9zdF9pZCI6IjIzMTA4NSJ9fQ==@&#8221; button_text=&#8221;Tov\u00e1bb&#8230;&#8221; _builder_version=&#8221;4.24.3&#8243; _dynamic_attributes=&#8221;button_url&#8221; _module_preset=&#8221;default&#8221; custom_button=&#8221;on&#8221; button_text_color=&#8221;#FFFFFF&#8221; button_bg_color=&#8221;#E09900&#8243; custom_margin=&#8221;||40px|40px|false|false&#8221; global_colors_info=&#8221;{}&#8221;][\/et_pb_button][\/et_pb_column][\/et_pb_row][\/et_pb_section]<\/p>\n","protected":false},"excerpt":{"rendered":"<p>ProgramokCsal\u00e1di h\u00e9tv\u00e9ge Szeretettel v\u00e1runk okt\u00f3ber utols\u00f3 h\u00e9tv\u00e9g\u00e9j\u00e9n minden kicsit \u00e9s nagyot csal\u00e1di rendezv\u00e9ny\u00fcnkre, ahol v\u00e1ltozatos programokat k\u00edn\u00e1lunk a fiatal \u00e9s az id\u0151sebb nemzed\u00e9k sz\u00e1m\u00e1ra egyar\u00e1nt. C\u00e9lunk a csal\u00e1dokat a k\u00e9tnyelv\u0171 nevel\u00e9s ter\u00e9n t\u00e1mogatni \u00e9s nemzetis\u00e9gi tudatukat meger\u0151s\u00edteni. A rendezv\u00e9ny a N\u00e9met Bel\u00fcgyminiszt\u00e9rium t\u00e1mogat\u00e1s\u00e1val val\u00f3sul meg. &nbsp;El\u0151ad\u00e1sok Id\u00e9n a\u00a0Bethlen G\u00e1bor Alap\u00a0t\u00e1mogat\u00e1s\u00e1nak k\u00f6sz\u00f6nhet\u0151en k\u00e9tnyelv\u0171 el\u0151ad\u00e1sok (\u201eValeria Koch: [&hellip;]<\/p>\n","protected":false},"author":1,"featured_media":0,"parent":0,"menu_order":0,"comment_status":"closed","ping_status":"closed","template":"","meta":{"_et_pb_use_builder":"on","_et_pb_old_content":"","_et_gb_content_width":"","footnotes":""},"class_list":["post-231205","page","type-page","status-publish","hentry"],"_links":{"self":[{"href":"https:\/\/vukinder.hu\/hu\/wp-json\/wp\/v2\/pages\/231205","targetHints":{"allow":["GET"]}}],"collection":[{"href":"https:\/\/vukinder.hu\/hu\/wp-json\/wp\/v2\/pages"}],"about":[{"href":"https:\/\/vukinder.hu\/hu\/wp-json\/wp\/v2\/types\/page"}],"author":[{"embeddable":true,"href":"https:\/\/vukinder.hu\/hu\/wp-json\/wp\/v2\/users\/1"}],"replies":[{"embeddable":true,"href":"https:\/\/vukinder.hu\/hu\/wp-json\/wp\/v2\/comments?post=231205"}],"version-history":[{"count":7,"href":"https:\/\/vukinder.hu\/hu\/wp-json\/wp\/v2\/pages\/231205\/revisions"}],"predecessor-version":[{"id":231983,"href":"https:\/\/vukinder.hu\/hu\/wp-json\/wp\/v2\/pages\/231205\/revisions\/231983"}],"wp:attachment":[{"href":"https:\/\/vukinder.hu\/hu\/wp-json\/wp\/v2\/media?parent=231205"}],"curies":[{"name":"wp","href":"https:\/\/api.w.org\/{rel}","templated":true}]}}