{"id":231224,"date":"2022-05-30T23:01:17","date_gmt":"2022-05-30T22:01:17","guid":{"rendered":"https:\/\/vuk.udgeschichte.hu\/?page_id=231224"},"modified":"2026-03-19T14:30:13","modified_gmt":"2026-03-19T13:30:13","slug":"rolunk","status":"publish","type":"page","link":"https:\/\/vukinder.hu\/hu\/rolunk\/","title":{"rendered":"R\u00f3lunk"},"content":{"rendered":"<p>[et_pb_section fb_built=&#8221;1&#8243; fullwidth=&#8221;on&#8221; _builder_version=&#8221;4.23.3&#8243; _module_preset=&#8221;default&#8221; height=&#8221;520px&#8221; locked=&#8221;off&#8221; global_colors_info=&#8221;{}&#8221;][et_pb_fullwidth_slider use_bg_overlay=&#8221;on&#8221; use_text_overlay=&#8221;on&#8221; text_overlay_color=&#8221;#E02B20&#8243; text_border_radius=&#8221;8px&#8221; _builder_version=&#8221;4.24.3&#8243; _module_preset=&#8221;default&#8221; height=&#8221;520px&#8221; custom_padding=&#8221;50px||50px||false|false&#8221; global_colors_info=&#8221;{}&#8221;][et_pb_slide heading=&#8221;Bemutatkozik a VUK Egyes\u00fclet&#8221; use_bg_overlay=&#8221;on&#8221; use_text_overlay=&#8221;off&#8221; alignment=&#8221;bottom&#8221; _builder_version=&#8221;4.24.3&#8243; _module_preset=&#8221;default&#8221; background_image=&#8221;http:\/\/vuk.udgeschichte.hu\/wp-content\/uploads\/2024\/04\/vuk-1.jpg&#8221; background_enable_image=&#8221;on&#8221; parallax=&#8221;on&#8221; header_text_shadow_style=&#8221;preset1&#8243; global_colors_info=&#8221;{}&#8221; sticky_transition=&#8221;on&#8221;][\/et_pb_slide][\/et_pb_fullwidth_slider][\/et_pb_section][et_pb_section fb_built=&#8221;1&#8243; _builder_version=&#8221;4.24.3&#8243; _module_preset=&#8221;default&#8221; global_colors_info=&#8221;{}&#8221;][et_pb_row column_structure=&#8221;3_5,2_5&#8243; _builder_version=&#8221;4.17.4&#8243; _module_preset=&#8221;default&#8221; locked=&#8221;off&#8221; global_colors_info=&#8221;{}&#8221;][et_pb_column type=&#8221;3_5&#8243; _builder_version=&#8221;4.17.4&#8243; _module_preset=&#8221;default&#8221; global_colors_info=&#8221;{}&#8221;][et_pb_text _builder_version=&#8221;4.24.3&#8243; _module_preset=&#8221;default&#8221; text_font=&#8221;||||||||&#8221; text_line_height=&#8221;2em&#8221; header_font=&#8221;||||||||&#8221; header_2_font=&#8221;Work Sans|700|||||||&#8221; header_2_font_size=&#8221;25px&#8221; header_2_line_height=&#8221;1.5em&#8221; max_width=&#8221;600px&#8221; max_width_tablet=&#8221;&#8221; max_width_phone=&#8221;&#8221; max_width_last_edited=&#8221;on|tablet&#8221; header_2_font_size_tablet=&#8221;30px&#8221; header_2_font_size_phone=&#8221;15px&#8221; header_2_font_size_last_edited=&#8221;on|desktop&#8221; locked=&#8221;off&#8221; global_colors_info=&#8221;{}&#8221; header_2_font_size__hover=&#8221;26px&#8221; header_2_font_size__hover_enabled=&#8221;26px&#8221; header_2_letter_spacing__hover=&#8221;0px&#8221; header_2_letter_spacing__hover_enabled=&#8221;0px&#8221; header_2_line_height__hover=&#8221;1em&#8221; header_2_line_height__hover_enabled=&#8221;1em&#8221; header_2_text_shadow_style__hover=&#8221;none&#8221; header_2_text_shadow_style__hover_enabled=&#8221;none&#8221; header_2_text_shadow_color__hover=&#8221;rgba(0,0,0,0.4)&#8221; header_2_text_shadow_color__hover_enabled=&#8221;rgba(0,0,0,0.4)&#8221; text_letter_spacing__hover=&#8221;0px&#8221; text_letter_spacing__hover_enabled=&#8221;0px&#8221; text_text_shadow_style__hover=&#8221;none&#8221; text_text_shadow_style__hover_enabled=&#8221;none&#8221; text_text_shadow_color__hover=&#8221;rgba(0,0,0,0.4)&#8221; text_text_shadow_color__hover_enabled=&#8221;rgba(0,0,0,0.4)&#8221; header_3_font_size__hover=&#8221;22px&#8221; header_3_font_size__hover_enabled=&#8221;22px&#8221; header_3_letter_spacing__hover=&#8221;0px&#8221; header_3_letter_spacing__hover_enabled=&#8221;0px&#8221; header_3_line_height__hover=&#8221;1em&#8221; header_3_line_height__hover_enabled=&#8221;1em&#8221; header_3_text_shadow_style__hover=&#8221;none&#8221; header_3_text_shadow_style__hover_enabled=&#8221;none&#8221; header_3_text_shadow_color__hover=&#8221;rgba(0,0,0,0.4)&#8221; header_3_text_shadow_color__hover_enabled=&#8221;rgba(0,0,0,0.4)&#8221;]<\/p>\n<h1>Bemutatkozik a VUK Egyes\u00fclet<\/h1>\n<p>&nbsp;<\/p>\n<p>Az Egyes\u00fclet a Magyarorsz\u00e1gi N\u00e9met Gyerekek\u00e9rt (VUK) 1998. febru\u00e1r 15-\u00e9n alakult meg, \u00e9s az\u00f3ta is a magyarorsz\u00e1gi n\u00e9met gyerekek\u00e9rt tev\u00e9kenykedik, k\u00fcl\u00f6n\u00f6s tekintettel az \u00e1ltal\u00e1nos iskol\u00e1s koroszt\u00e1lyra, de \u00f3vod\u00e1soknak \u00e9s kisebbeknek is szervez\u00fcnk rendezv\u00e9nyeket. Igyeksz\u00fcnk, hogy programjaink k\u00f6z\u00f6tt mindenki tal\u00e1ljon kedv\u00e9re val\u00f3t. A szervezet c\u00e9lja <strong>szabadid\u0151s programok<\/strong>, <strong>foglalkoz\u00e1sok <\/strong>\u00e9s k\u00fcl\u00f6nf\u00e9le <strong>t\u00e1borok<\/strong> <strong>szervez\u00e9se <\/strong>n\u00e9met sz\u00e1rmaz\u00e1s\u00fa \u00e9s a n\u00e9met nemzetis\u00e9gi kult\u00fara ir\u00e1nt \u00e9rdekl\u0151d\u0151 gyermekek sz\u00e1m\u00e1ra. A programok sor\u00e1n t\u00f6reksz\u00fcnk fejleszteni a gyerekek nyelvi k\u00e9szs\u00e9geit, \u00e9s biztos\u00edtani, hogy szabadidej\u00fcket tartalmasan \u00e9s \u00e9rdekesen t\u00f6lts\u00e9k el. Ezen t\u00fal igyeksz\u00fcnk \u00e1tadni olyan ismereteket, amelyek az iskolai tananyag r\u00e9sz\u00e9t k\u00e9pezik. A VUK kiemelten fontosnak tartja a <strong>gyermekek identit\u00e1skeres\u00e9s\u00e9t,<\/strong> valamint a csal\u00e1d \u00e9s a k\u00f6zvetlen k\u00f6rnyezet <strong>hagyom\u00e1nyainak <\/strong>meg\u0151rz\u00e9s\u00e9t.<\/p>\n<p>A szervezet nagy hangs\u00falyt fektet a kapcsolatok b\u0151v\u00edt\u00e9s\u00e9re, els\u0151sorban Magyarorsz\u00e1gon bel\u00fcli \u00e9s k\u00edv\u00fcli kisebbs\u00e9gi szervezetekkel m\u0171k\u00f6dik egy\u00fctt. Mindez a pedag\u00f3gusok, nevel\u0151k akt\u00edv k\u00f6zrem\u0171k\u00f6d\u00e9se n\u00e9lk\u00fcl elk\u00e9pzelhetetlen, ez\u00e9rt szeretne az egyes\u00fclet lehet\u0151s\u00e9get k\u00edn\u00e1lni pedag\u00f3giai \u00e9s oktat\u00e1si tapasztalatcser\u00e9re, tov\u00e1bbk\u00e9pz\u00e9sre. A programok megval\u00f3s\u00edt\u00e1s\u00e1ban a VUK sz\u00e1m\u00edt a m\u00e1r akt\u00edv n\u00e9met kisebbs\u00e9gi szervezetek, \u00f6nkorm\u00e1nyzatok \u00e9s iskol\u00e1k seg\u00edts\u00e9g\u00e9re, \u00e9s t\u00f6rekszik a g\u00f6rd\u00fcl\u00e9keny egy\u00fcttm\u0171k\u00f6d\u00e9sre.<\/p>\n<p>Az egyes\u00fclet tagjai olyan pedag\u00f3gusok \u00e9s fiatal feln\u0151ttek, akik m\u00e1r t\u00f6bb \u00e9ve foglalkoznak magyar-n\u00e9met ut\u00e1np\u00f3tl\u00e1ssal, \u00e9s az ezen a ter\u00fcleten megszerzett tapasztalataikat a fent eml\u00edtett c\u00e9lok szellem\u00e9ben szeretn\u00e9k a j\u00f6v\u0151ben is kamatoztatni.<\/p>\n<p>[\/et_pb_text][\/et_pb_column][et_pb_column type=&#8221;2_5&#8243; _builder_version=&#8221;4.17.4&#8243; _module_preset=&#8221;default&#8221; global_colors_info=&#8221;{}&#8221;][et_pb_image src=&#8221;http:\/\/vuk.udgeschichte.hu\/wp-content\/uploads\/2022\/06\/VUK_logo.png&#8221; title_text=&#8221;VUK_logo&#8221; _builder_version=&#8221;4.24.3&#8243; _module_preset=&#8221;default&#8221; global_colors_info=&#8221;{}&#8221;][\/et_pb_image][et_pb_text _builder_version=&#8221;4.27.4&#8243; _module_preset=&#8221;default&#8221; hover_enabled=&#8221;0&#8243; global_colors_info=&#8221;{}&#8221; sticky_enabled=&#8221;0&#8243;]<\/p>\n<h1>Az eln\u00f6ks\u00e9g<\/h1>\n<p><strong>Werner G\u00e1bor\u00a0\u2013 eln\u00f6k, \u00fcgyvezet\u0151<\/strong><\/p>\n<p><strong>Gy\u00f6rfi Gyula\u00a0\u2013 eln\u00f6khelyettes, p\u00e9nz\u00fcgyek<\/strong><\/p>\n<p><strong>Ruff Katalin\u00a0\u2013 eln\u00f6khelyettes, projektkoordin\u00e1tor<\/strong><\/p>\n<p><strong>F\u00f6ldi Bernadett\u00a0\u2013 iskolai referens<\/strong><\/p>\n<p><strong>Kapit\u00e1ny Klarissza\u00a0\u2013 ifj\u00fas\u00e1gi referens<\/strong><\/p>\n<p><strong>A munk\u00e1juket seg\u00edti:<\/strong><\/p>\n<p><strong>Mescha Zsuzsanna\u00a0\u2013 irodavezet\u0151<\/strong><\/p>\n<p>&nbsp;<\/p>\n<p>[\/et_pb_text][et_pb_button button_url=&#8221;@ET-DC@eyJkeW5hbWljIjp0cnVlLCJjb250ZW50IjoicG9zdF9saW5rX3VybF9wYWdlIiwic2V0dGluZ3MiOnsicG9zdF9pZCI6IjEwMSJ9fQ==@&#8221; button_text=&#8221;Kapcsolatfelv\u00e9tel&#8221; button_alignment=&#8221;left&#8221; _builder_version=&#8221;4.24.3&#8243; _dynamic_attributes=&#8221;button_url&#8221; _module_preset=&#8221;default&#8221; custom_button=&#8221;on&#8221; button_text_size=&#8221;16px&#8221; button_text_color=&#8221;#ffffff&#8221; button_bg_color=&#8221;#00ac69&#8243; button_border_width=&#8221;5px&#8221; button_border_color=&#8221;rgba(0,0,0,0)&#8221; button_font=&#8221;Work Sans||||||||&#8221; button_use_icon=&#8221;off&#8221; locked=&#8221;off&#8221; global_colors_info=&#8221;{}&#8221; button_bg_color__hover=&#8221;#008c58&#8243; button_bg_color__hover_enabled=&#8221;on&#8221;][\/et_pb_button][\/et_pb_column][\/et_pb_row][\/et_pb_section]<\/p>\n","protected":false},"excerpt":{"rendered":"<p>Bemutatkozik a VUK Egyes\u00fclet &nbsp; Az Egyes\u00fclet a Magyarorsz\u00e1gi N\u00e9met Gyerekek\u00e9rt (VUK) 1998. febru\u00e1r 15-\u00e9n alakult meg, \u00e9s az\u00f3ta is a magyarorsz\u00e1gi n\u00e9met gyerekek\u00e9rt tev\u00e9kenykedik, k\u00fcl\u00f6n\u00f6s tekintettel az \u00e1ltal\u00e1nos iskol\u00e1s koroszt\u00e1lyra, de \u00f3vod\u00e1soknak \u00e9s kisebbeknek is szervez\u00fcnk rendezv\u00e9nyeket. Igyeksz\u00fcnk, hogy programjaink k\u00f6z\u00f6tt mindenki tal\u00e1ljon kedv\u00e9re val\u00f3t. A szervezet c\u00e9lja szabadid\u0151s programok, foglalkoz\u00e1sok \u00e9s k\u00fcl\u00f6nf\u00e9le t\u00e1borok [&hellip;]<\/p>\n","protected":false},"author":1,"featured_media":0,"parent":0,"menu_order":0,"comment_status":"closed","ping_status":"closed","template":"","meta":{"_et_pb_use_builder":"on","_et_pb_old_content":"","_et_gb_content_width":"","footnotes":""},"class_list":["post-231224","page","type-page","status-publish","hentry"],"_links":{"self":[{"href":"https:\/\/vukinder.hu\/hu\/wp-json\/wp\/v2\/pages\/231224","targetHints":{"allow":["GET"]}}],"collection":[{"href":"https:\/\/vukinder.hu\/hu\/wp-json\/wp\/v2\/pages"}],"about":[{"href":"https:\/\/vukinder.hu\/hu\/wp-json\/wp\/v2\/types\/page"}],"author":[{"embeddable":true,"href":"https:\/\/vukinder.hu\/hu\/wp-json\/wp\/v2\/users\/1"}],"replies":[{"embeddable":true,"href":"https:\/\/vukinder.hu\/hu\/wp-json\/wp\/v2\/comments?post=231224"}],"version-history":[{"count":9,"href":"https:\/\/vukinder.hu\/hu\/wp-json\/wp\/v2\/pages\/231224\/revisions"}],"predecessor-version":[{"id":232432,"href":"https:\/\/vukinder.hu\/hu\/wp-json\/wp\/v2\/pages\/231224\/revisions\/232432"}],"wp:attachment":[{"href":"https:\/\/vukinder.hu\/hu\/wp-json\/wp\/v2\/media?parent=231224"}],"curies":[{"name":"wp","href":"https:\/\/api.w.org\/{rel}","templated":true}]}}