{"id":231240,"date":"2022-05-30T14:20:09","date_gmt":"2022-05-30T13:20:09","guid":{"rendered":"https:\/\/vuk.udgeschichte.hu\/?page_id=231240"},"modified":"2024-11-13T13:48:16","modified_gmt":"2024-11-13T11:48:16","slug":"kapcsolat","status":"publish","type":"page","link":"https:\/\/vukinder.hu\/hu\/kapcsolat\/","title":{"rendered":"Kapcsolat"},"content":{"rendered":"<p>[et_pb_section fb_built=&#8221;1&#8243; _builder_version=&#8221;4.17.4&#8243; _module_preset=&#8221;default&#8221; locked=&#8221;off&#8221; global_colors_info=&#8221;{}&#8221;][et_pb_row column_structure=&#8221;1_2,1_2&#8243; _builder_version=&#8221;4.24.2&#8243; _module_preset=&#8221;default&#8221; max_width=&#8221;1280px&#8221; global_colors_info=&#8221;{}&#8221;][et_pb_column type=&#8221;1_2&#8243; _builder_version=&#8221;4.17.4&#8243; _module_preset=&#8221;default&#8221; global_colors_info=&#8221;{}&#8221;][et_pb_code _builder_version=&#8221;4.17.4&#8243; _module_preset=&#8221;default&#8221; global_colors_info=&#8221;{}&#8221;]<iframe src=\"https:\/\/www.google.com\/maps\/embed?pb=!1m18!1m12!1m3!1d2753.9941751588863!2d18.702337999999997!3d46.34966!2m3!1f0!2f0!3f0!3m2!1i1024!2i768!4f13.1!3m3!1m2!1s0x4742ee75a182e209%3A0x490f9700740b4fb9!2sSzeksz%C3%A1rd%2C%20Sz%C3%A9chenyi%20u.%2032%2C%207100!5e0!3m2!1shu!2shu!4v1654073344897!5m2!1shu!2shu\" width=\"600\" height=\"450\" style=\"border:0;\" allowfullscreen=\"\" loading=\"lazy\" referrerpolicy=\"no-referrer-when-downgrade\"><\/iframe>[\/et_pb_code][\/et_pb_column][et_pb_column type=&#8221;1_2&#8243; _builder_version=&#8221;4.17.4&#8243; _module_preset=&#8221;default&#8221; global_colors_info=&#8221;{}&#8221;][et_pb_text _builder_version=&#8221;4.25.0&#8243; _module_preset=&#8221;default&#8221; hover_enabled=&#8221;0&#8243; global_colors_info=&#8221;{}&#8221; sticky_enabled=&#8221;0&#8243;]<\/p>\n<h3>Kapcsolat<\/h3>\n<p style=\"font-weight: 400;\"><strong>Postac\u00edm:<\/strong>\u00a07100 Szeksz\u00e1rd, Sz\u00e9chenyi u. 32<\/p>\n<p style=\"font-weight: 400;\">\n<p style=\"font-weight: 400;\"><strong>Iroda<br \/><\/strong><strong>Telefonsz\u00e1m:<\/strong>\u00a0+36-30\/ 373-2797<br \/><strong>E-Mail:<\/strong>\u00a0<a href=\"mailto:buro@vukinder.hu\">buro@vukinder.hu<\/a><\/p>\n<p style=\"font-weight: 400;\">\n<p style=\"font-weight: 400;\"><strong>Projektkoordin\u00e1tor<br \/><\/strong><strong>Telefonsz\u00e1m:<\/strong>\u00a0+36-70\/ 436-8168<br \/><strong>E-Mail:<\/strong>\u00a0<a href=\"mailto:ruff.katalin@vukinder.hu\">ruff.katalin@vukinder.hu<\/a><\/p>\n<p>[\/et_pb_text][\/et_pb_column][\/et_pb_row][et_pb_row _builder_version=&#8221;4.24.2&#8243; _module_preset=&#8221;default&#8221; max_width=&#8221;1280px&#8221; global_colors_info=&#8221;{}&#8221;][et_pb_column type=&#8221;4_4&#8243; _builder_version=&#8221;4.17.4&#8243; _module_preset=&#8221;default&#8221; global_colors_info=&#8221;{}&#8221;][et_pb_contact_form captcha=&#8221;off&#8221; title=&#8221;\u00cdrjon nek\u00fcnk!&#8221; submit_button_text=&#8221;K\u00fcld\u00e9s&#8221; module_id=&#8221;et_pb_contact_form_0&#8243; _builder_version=&#8221;4.24.3&#8243; _module_preset=&#8221;default&#8221; form_field_background_color=&#8221;rgba(193,141,141,0)&#8221; title_font=&#8221;|800|||||||&#8221; form_field_font=&#8221;Work Sans|600||on|||||&#8221; form_field_font_size=&#8221;12px&#8221; form_field_letter_spacing=&#8221;2px&#8221; form_field_line_height=&#8221;1.5em&#8221; background_color=&#8221;#ffffff&#8221; custom_button=&#8221;on&#8221; button_text_size=&#8221;16px&#8221; button_text_color=&#8221;#ffffff&#8221; button_bg_color=&#8221;#00ac69&#8243; button_border_width=&#8221;5px&#8221; button_border_color=&#8221;rgba(0,0,0,0)&#8221; button_border_radius=&#8221;5px&#8221; button_font=&#8221;Work Sans||||||||&#8221; button_use_icon=&#8221;off&#8221; custom_padding=&#8221;|||&#8221; border_color_all=&#8221;rgba(26,10,56,0.05)&#8221; border_width_bottom=&#8221;2px&#8221; form_background_color=&#8221;rgba(0,0,0,0)&#8221; locked=&#8221;off&#8221; global_colors_info=&#8221;{}&#8221; border_color_bottom__hover=&#8221;#ffffff&#8221; button_bg_color__hover=&#8221;#00965a&#8221; button_bg_color__hover_enabled=&#8221;on&#8221; border_color_all__hover_enabled=&#8221;on&#8221; border_color_all__hover=&#8221;#00ac69&#8243; title_level__hover=&#8221;h1&#8243; title_level__hover_enabled=&#8221;h1&#8243; title_letter_spacing__hover=&#8221;0px&#8221; title_letter_spacing__hover_enabled=&#8221;0px&#8221; title_text_shadow_style__hover=&#8221;none&#8221; title_text_shadow_style__hover_enabled=&#8221;none&#8221; title_text_shadow_color__hover=&#8221;rgba(0,0,0,0.4)&#8221; title_text_shadow_color__hover_enabled=&#8221;rgba(0,0,0,0.4)&#8221;][et_pb_contact_field field_id=&#8221;N\u00e9v&#8221; field_title=&#8221;N\u00e9v&#8221; fullwidth_field=&#8221;on&#8221; _builder_version=&#8221;4.24.3&#8243; _module_preset=&#8221;default&#8221; custom_padding=&#8221;|||||false&#8221; global_colors_info=&#8221;{}&#8221; button_text_size__hover_enabled=&#8221;off&#8221; button_one_text_size__hover_enabled=&#8221;off&#8221; button_two_text_size__hover_enabled=&#8221;off&#8221; button_text_color__hover_enabled=&#8221;off&#8221; button_one_text_color__hover_enabled=&#8221;off&#8221; button_two_text_color__hover_enabled=&#8221;off&#8221; button_border_width__hover_enabled=&#8221;off&#8221; button_one_border_width__hover_enabled=&#8221;off&#8221; button_two_border_width__hover_enabled=&#8221;off&#8221; button_border_color__hover_enabled=&#8221;off&#8221; button_one_border_color__hover_enabled=&#8221;off&#8221; button_two_border_color__hover_enabled=&#8221;off&#8221; button_border_radius__hover_enabled=&#8221;off&#8221; button_one_border_radius__hover_enabled=&#8221;off&#8221; button_two_border_radius__hover_enabled=&#8221;off&#8221; button_letter_spacing__hover_enabled=&#8221;off&#8221; button_one_letter_spacing__hover_enabled=&#8221;off&#8221; button_two_letter_spacing__hover_enabled=&#8221;off&#8221; button_bg_color__hover_enabled=&#8221;off&#8221; button_one_bg_color__hover_enabled=&#8221;off&#8221; button_two_bg_color__hover_enabled=&#8221;off&#8221;][\/et_pb_contact_field][et_pb_contact_field field_id=&#8221;Email&#8221; field_title=&#8221;Email c\u00edm&#8221; field_type=&#8221;email&#8221; fullwidth_field=&#8221;on&#8221; _builder_version=&#8221;4.24.3&#8243; _module_preset=&#8221;default&#8221; global_colors_info=&#8221;{}&#8221; button_text_size__hover_enabled=&#8221;off&#8221; button_one_text_size__hover_enabled=&#8221;off&#8221; button_two_text_size__hover_enabled=&#8221;off&#8221; button_text_color__hover_enabled=&#8221;off&#8221; button_one_text_color__hover_enabled=&#8221;off&#8221; button_two_text_color__hover_enabled=&#8221;off&#8221; button_border_width__hover_enabled=&#8221;off&#8221; button_one_border_width__hover_enabled=&#8221;off&#8221; button_two_border_width__hover_enabled=&#8221;off&#8221; button_border_color__hover_enabled=&#8221;off&#8221; button_one_border_color__hover_enabled=&#8221;off&#8221; button_two_border_color__hover_enabled=&#8221;off&#8221; button_border_radius__hover_enabled=&#8221;off&#8221; button_one_border_radius__hover_enabled=&#8221;off&#8221; button_two_border_radius__hover_enabled=&#8221;off&#8221; button_letter_spacing__hover_enabled=&#8221;off&#8221; button_one_letter_spacing__hover_enabled=&#8221;off&#8221; button_two_letter_spacing__hover_enabled=&#8221;off&#8221; button_bg_color__hover_enabled=&#8221;off&#8221; button_one_bg_color__hover_enabled=&#8221;off&#8221; button_two_bg_color__hover_enabled=&#8221;off&#8221;][\/et_pb_contact_field][et_pb_contact_field field_id=&#8221;\u00dczenet&#8221; field_title=&#8221;Ide \u00edrja \u00fczenet\u00e9t&#8221; field_type=&#8221;text&#8221; fullwidth_field=&#8221;on&#8221; _builder_version=&#8221;4.24.3&#8243; _module_preset=&#8221;default&#8221; custom_margin=&#8221;||30px&#8221; global_colors_info=&#8221;{}&#8221; button_text_size__hover_enabled=&#8221;off&#8221; button_one_text_size__hover_enabled=&#8221;off&#8221; button_two_text_size__hover_enabled=&#8221;off&#8221; button_text_color__hover_enabled=&#8221;off&#8221; button_one_text_color__hover_enabled=&#8221;off&#8221; button_two_text_color__hover_enabled=&#8221;off&#8221; button_border_width__hover_enabled=&#8221;off&#8221; button_one_border_width__hover_enabled=&#8221;off&#8221; button_two_border_width__hover_enabled=&#8221;off&#8221; button_border_color__hover_enabled=&#8221;off&#8221; button_one_border_color__hover_enabled=&#8221;off&#8221; button_two_border_color__hover_enabled=&#8221;off&#8221; button_border_radius__hover_enabled=&#8221;off&#8221; button_one_border_radius__hover_enabled=&#8221;off&#8221; button_two_border_radius__hover_enabled=&#8221;off&#8221; button_letter_spacing__hover_enabled=&#8221;off&#8221; button_one_letter_spacing__hover_enabled=&#8221;off&#8221; button_two_letter_spacing__hover_enabled=&#8221;off&#8221; button_bg_color__hover_enabled=&#8221;off&#8221; button_one_bg_color__hover_enabled=&#8221;off&#8221; button_two_bg_color__hover_enabled=&#8221;off&#8221;][\/et_pb_contact_field][\/et_pb_contact_form][\/et_pb_column][\/et_pb_row][\/et_pb_section]<\/p>\n","protected":false},"excerpt":{"rendered":"<p>Kapcsolat Postac\u00edm:\u00a07100 Szeksz\u00e1rd, Sz\u00e9chenyi u. 32 IrodaTelefonsz\u00e1m:\u00a0+36-30\/ 373-2797E-Mail:\u00a0buro@vukinder.hu Projektkoordin\u00e1torTelefonsz\u00e1m:\u00a0+36-70\/ 436-8168E-Mail:\u00a0ruff.katalin@vukinder.hu<\/p>\n","protected":false},"author":1,"featured_media":0,"parent":0,"menu_order":0,"comment_status":"closed","ping_status":"closed","template":"","meta":{"_et_pb_use_builder":"on","_et_pb_old_content":"","_et_gb_content_width":"","footnotes":""},"class_list":["post-231240","page","type-page","status-publish","hentry"],"_links":{"self":[{"href":"https:\/\/vukinder.hu\/hu\/wp-json\/wp\/v2\/pages\/231240","targetHints":{"allow":["GET"]}}],"collection":[{"href":"https:\/\/vukinder.hu\/hu\/wp-json\/wp\/v2\/pages"}],"about":[{"href":"https:\/\/vukinder.hu\/hu\/wp-json\/wp\/v2\/types\/page"}],"author":[{"embeddable":true,"href":"https:\/\/vukinder.hu\/hu\/wp-json\/wp\/v2\/users\/1"}],"replies":[{"embeddable":true,"href":"https:\/\/vukinder.hu\/hu\/wp-json\/wp\/v2\/comments?post=231240"}],"version-history":[{"count":3,"href":"https:\/\/vukinder.hu\/hu\/wp-json\/wp\/v2\/pages\/231240\/revisions"}],"predecessor-version":[{"id":231557,"href":"https:\/\/vukinder.hu\/hu\/wp-json\/wp\/v2\/pages\/231240\/revisions\/231557"}],"wp:attachment":[{"href":"https:\/\/vukinder.hu\/hu\/wp-json\/wp\/v2\/media?parent=231240"}],"curies":[{"name":"wp","href":"https:\/\/api.w.org\/{rel}","templated":true}]}}