{"id":231326,"date":"2024-04-19T12:15:50","date_gmt":"2024-04-19T11:15:50","guid":{"rendered":"https:\/\/vuk.udgeschichte.hu\/?page_id=231326"},"modified":"2025-06-17T10:35:34","modified_gmt":"2025-06-17T09:35:34","slug":"dokumentumok","status":"publish","type":"page","link":"https:\/\/vukinder.hu\/hu\/dokumentumok\/","title":{"rendered":"Dokumentumok"},"content":{"rendered":"<p>[et_pb_section fb_built=&#8221;1&#8243; admin_label=&#8221;Articles&#8221; _builder_version=&#8221;4.16&#8243; _module_preset=&#8221;default&#8221; custom_width_px__hover=&#8221;1080px&#8221; custom_width_px__hover_enabled=&#8221;1080px&#8221; custom_width_percent__hover=&#8221;80%&#8221; custom_width_percent__hover_enabled=&#8221;80%&#8221; locked=&#8221;off&#8221; global_colors_info=&#8221;{}&#8221; gutter_width__hover=&#8221;3&#8243; gutter_width__hover_enabled=&#8221;3&#8243; parallax_1__hover=&#8221;off&#8221; parallax_1__hover_enabled=&#8221;off&#8221; parallax_2__hover=&#8221;off&#8221; parallax_2__hover_enabled=&#8221;off&#8221; parallax_3__hover=&#8221;off&#8221; parallax_3__hover_enabled=&#8221;off&#8221; parallax_method_1__hover=&#8221;on&#8221; parallax_method_1__hover_enabled=&#8221;on&#8221; parallax_method_2__hover=&#8221;on&#8221; parallax_method_2__hover_enabled=&#8221;on&#8221; parallax_method_3__hover=&#8221;on&#8221; parallax_method_3__hover_enabled=&#8221;on&#8221; background_size__hover=&#8221;cover&#8221; background_size__hover_enabled=&#8221;cover&#8221; use_background_color_gradient__hover=&#8221;off&#8221; use_background_color_gradient__hover_enabled=&#8221;off&#8221; background_color_gradient_start__hover=&#8221;#2b87da&#8221; background_color_gradient_start__hover_enabled=&#8221;#2b87da&#8221; background_color_gradient_end__hover=&#8221;#29c4a9&#8243; background_color_gradient_end__hover_enabled=&#8221;#29c4a9&#8243; background_color_gradient_type__hover=&#8221;linear&#8221; background_color_gradient_type__hover_enabled=&#8221;linear&#8221; background_color_gradient_direction__hover=&#8221;180deg&#8221; background_color_gradient_direction__hover_enabled=&#8221;180deg&#8221; background_color_gradient_direction_radial__hover=&#8221;center&#8221; background_color_gradient_direction_radial__hover_enabled=&#8221;center&#8221; background_color_gradient_start_position__hover=&#8221;0%&#8221; background_color_gradient_start_position__hover_enabled=&#8221;0%&#8221; background_color_gradient_end_position__hover=&#8221;100%&#8221; background_color_gradient_end_position__hover_enabled=&#8221;100%&#8221; background_color_gradient_overlays_image__hover=&#8221;off&#8221; background_color_gradient_overlays_image__hover_enabled=&#8221;off&#8221; parallax__hover=&#8221;off&#8221; parallax__hover_enabled=&#8221;off&#8221; parallax_method__hover=&#8221;on&#8221; parallax_method__hover_enabled=&#8221;on&#8221; background_position__hover=&#8221;center&#8221; background_position__hover_enabled=&#8221;center&#8221; background_repeat__hover=&#8221;no-repeat&#8221; background_repeat__hover_enabled=&#8221;no-repeat&#8221; background_blend__hover=&#8221;normal&#8221; background_blend__hover_enabled=&#8221;normal&#8221; allow_player_pause__hover=&#8221;off&#8221; allow_player_pause__hover_enabled=&#8221;off&#8221; background_video_pause_outside_viewport__hover=&#8221;on&#8221; background_video_pause_outside_viewport__hover_enabled=&#8221;on&#8221; inner_shadow__hover=&#8221;off&#8221; inner_shadow__hover_enabled=&#8221;off&#8221; make_fullwidth__hover=&#8221;off&#8221; make_fullwidth__hover_enabled=&#8221;off&#8221; use_custom_width__hover=&#8221;off&#8221; use_custom_width__hover_enabled=&#8221;off&#8221; width_unit__hover=&#8221;on&#8221; width_unit__hover_enabled=&#8221;on&#8221; make_equal__hover=&#8221;off&#8221; make_equal__hover_enabled=&#8221;off&#8221; use_custom_gutter__hover=&#8221;off&#8221; use_custom_gutter__hover_enabled=&#8221;off&#8221; border_radii__hover=&#8221;on||||&#8221; border_radii__hover_enabled=&#8221;on||||&#8221; box_shadow_style__hover=&#8221;none&#8221; box_shadow_style__hover_enabled=&#8221;none&#8221; box_shadow_color__hover=&#8221;rgba(0,0,0,0.3)&#8221; box_shadow_color__hover_enabled=&#8221;rgba(0,0,0,0.3)&#8221; max_width__hover=&#8221;100%&#8221; max_width__hover_enabled=&#8221;100%&#8221; filter_hue_rotate__hover=&#8221;0deg&#8221; filter_hue_rotate__hover_enabled=&#8221;0deg&#8221; filter_saturate__hover=&#8221;100%&#8221; filter_saturate__hover_enabled=&#8221;100%&#8221; filter_brightness__hover=&#8221;100%&#8221; filter_brightness__hover_enabled=&#8221;100%&#8221; filter_contrast__hover=&#8221;100%&#8221; filter_contrast__hover_enabled=&#8221;100%&#8221; filter_invert__hover=&#8221;0%&#8221; filter_invert__hover_enabled=&#8221;0%&#8221; filter_sepia__hover=&#8221;0%&#8221; filter_sepia__hover_enabled=&#8221;0%&#8221; filter_opacity__hover=&#8221;100%&#8221; filter_opacity__hover_enabled=&#8221;100%&#8221; filter_blur__hover=&#8221;0px&#8221; filter_blur__hover_enabled=&#8221;0px&#8221; mix_blend_mode__hover=&#8221;normal&#8221; mix_blend_mode__hover_enabled=&#8221;normal&#8221; animation_style__hover=&#8221;none&#8221; animation_style__hover_enabled=&#8221;none&#8221; animation_repeat__hover=&#8221;once&#8221; animation_repeat__hover_enabled=&#8221;once&#8221; animation_direction__hover=&#8221;center&#8221; animation_direction__hover_enabled=&#8221;center&#8221; animation_duration__hover=&#8221;1000ms&#8221; animation_duration__hover_enabled=&#8221;1000ms&#8221; animation_delay__hover=&#8221;0ms&#8221; animation_delay__hover_enabled=&#8221;0ms&#8221; animation_intensity_slide__hover=&#8221;50%&#8221; animation_intensity_slide__hover_enabled=&#8221;50%&#8221; animation_intensity_zoom__hover=&#8221;50%&#8221; animation_intensity_zoom__hover_enabled=&#8221;50%&#8221; animation_intensity_flip__hover=&#8221;50%&#8221; animation_intensity_flip__hover_enabled=&#8221;50%&#8221; animation_intensity_fold__hover=&#8221;50%&#8221; animation_intensity_fold__hover_enabled=&#8221;50%&#8221; animation_intensity_roll__hover=&#8221;50%&#8221; animation_intensity_roll__hover_enabled=&#8221;50%&#8221; animation_starting_opacity__hover=&#8221;0%&#8221; animation_starting_opacity__hover_enabled=&#8221;0%&#8221; animation_speed_curve__hover=&#8221;ease-in-out&#8221; animation_speed_curve__hover_enabled=&#8221;ease-in-out&#8221; hover_transition_duration__hover=&#8221;300ms&#8221; hover_transition_duration__hover_enabled=&#8221;300ms&#8221; hover_transition_delay__hover=&#8221;0ms&#8221; hover_transition_delay__hover_enabled=&#8221;0ms&#8221; hover_transition_speed_curve__hover=&#8221;ease&#8221; hover_transition_speed_curve__hover_enabled=&#8221;ease&#8221; background_color_gradient_stops__hover=&#8221;#2b87da 0%|#29c4a9 100%&#8221;][et_pb_row _builder_version=&#8221;4.24.3&#8243; _module_preset=&#8221;default&#8221; max_width=&#8221;1280px&#8221; locked=&#8221;off&#8221; global_colors_info=&#8221;{}&#8221;][et_pb_column type=&#8221;4_4&#8243; _builder_version=&#8221;4.17.4&#8243; _module_preset=&#8221;default&#8221; global_colors_info=&#8221;{}&#8221;][et_pb_text _builder_version=&#8221;4.24.3&#8243; _module_preset=&#8221;default&#8221; text_font=&#8221;||||||||&#8221; text_font_size=&#8221;21px&#8221; text_line_height=&#8221;1.8em&#8221; header_font=&#8221;||||||||&#8221; header_text_color=&#8221;#0C71C3&#8243; header_2_font=&#8221;|300|||||||&#8221; header_2_font_size=&#8221;35px&#8221; header_2_line_height=&#8221;1.5em&#8221; text_orientation=&#8221;center&#8221; min_height=&#8221;56px&#8221; custom_padding=&#8221;||0px||false|false&#8221; header_2_font_size_tablet=&#8221;30px&#8221; header_2_font_size_phone=&#8221;20px&#8221; header_2_font_size_last_edited=&#8221;on|phone&#8221; border_color_all=&#8221;#7CDA24&#8243; border_width_bottom=&#8221;1px&#8221; border_color_bottom=&#8221;#0c71c3&#8243; locked=&#8221;off&#8221; global_colors_info=&#8221;{}&#8221;]<\/p>\n<h1 style=\"text-align: center;\"><strong>Dokumentumok<\/strong><\/h1>\n<p>[\/et_pb_text][\/et_pb_column][\/et_pb_row][et_pb_row column_structure=&#8221;1_3,1_3,1_3&#8243; _builder_version=&#8221;4.24.3&#8243; _module_preset=&#8221;default&#8221; max_width=&#8221;1280px&#8221; global_colors_info=&#8221;{}&#8221;][et_pb_column type=&#8221;1_3&#8243; _builder_version=&#8221;4.24.3&#8243; _module_preset=&#8221;default&#8221; global_colors_info=&#8221;{}&#8221;][et_pb_blurb title=&#8221;VUK Alapszab\u00e1ly&#8221; url=&#8221;https:\/\/vukinder.hu\/wp-content\/uploads\/2024\/04\/VUK_Alapszabaly.pdf&#8221; url_new_window=&#8221;on&#8221; use_icon=&#8221;on&#8221; font_icon=&#8221;&#x3b;||divi||400&#8243; icon_placement=&#8221;left&#8221; _builder_version=&#8221;4.25.0&#8243; _module_preset=&#8221;default&#8221; module_alignment=&#8221;center&#8221; link_option_url=&#8221;https:\/\/vukinder.hu\/wp-content\/uploads\/2024\/04\/VUK_Alapszabaly.pdf&#8221; link_option_url_new_window=&#8221;on&#8221; global_colors_info=&#8221;{}&#8221;]<\/p>\n<p>PDF form\u00e1tum<\/p>\n<p>[\/et_pb_blurb][et_pb_blurb title=&#8221;Ad\u00f3 1% felhaszn\u00e1l\u00e1sa 2021&#8243; url=&#8221;https:\/\/vukinder.hu\/wp-content\/uploads\/2024\/04\/21KOZ_VUK.pdf&#8221; url_new_window=&#8221;on&#8221; use_icon=&#8221;on&#8221; font_icon=&#8221;&#x3b;||divi||400&#8243; icon_placement=&#8221;left&#8221; _builder_version=&#8221;4.25.0&#8243; _module_preset=&#8221;default&#8221; module_alignment=&#8221;center&#8221; link_option_url=&#8221;https:\/\/vukinder.hu\/wp-content\/uploads\/2024\/04\/21KOZ_VUK.pdf&#8221; link_option_url_new_window=&#8221;on&#8221; global_colors_info=&#8221;{}&#8221;]<\/p>\n<p>PDF form\u00e1tum<\/p>\n<p>[\/et_pb_blurb][\/et_pb_column][et_pb_column type=&#8221;1_3&#8243; _builder_version=&#8221;4.24.3&#8243; _module_preset=&#8221;default&#8221; global_colors_info=&#8221;{}&#8221;][et_pb_blurb title=&#8221;K\u00f6zhaszn\u00fas\u00e1gi jelent\u00e9s 2022&#8243; url=&#8221;https:\/\/vukinder.hu\/wp-content\/uploads\/2024\/04\/VUK_kozhasznu-jelentes-2022.pdf&#8221; url_new_window=&#8221;on&#8221; use_icon=&#8221;on&#8221; font_icon=&#8221;&#x3b;||divi||400&#8243; icon_placement=&#8221;left&#8221; _builder_version=&#8221;4.25.0&#8243; _module_preset=&#8221;default&#8221; module_alignment=&#8221;center&#8221; link_option_url=&#8221;https:\/\/vukinder.hu\/wp-content\/uploads\/2024\/04\/VUK_kozhasznu-jelentes-2022.pdf&#8221; link_option_url_new_window=&#8221;on&#8221; global_colors_info=&#8221;{}&#8221;]<\/p>\n<p>PDF form\u00e1tum<\/p>\n<p>[\/et_pb_blurb][et_pb_blurb title=&#8221;Tagfelv\u00e9teli k\u00e9relem&#8221; url=&#8221;https:\/\/vukinder.hu\/wp-content\/uploads\/2024\/04\/Mitgliedsantrag.pdf&#8221; url_new_window=&#8221;on&#8221; use_icon=&#8221;on&#8221; font_icon=&#8221;&#x3b;||divi||400&#8243; icon_placement=&#8221;left&#8221; _builder_version=&#8221;4.25.0&#8243; _module_preset=&#8221;default&#8221; module_alignment=&#8221;center&#8221; link_option_url=&#8221;https:\/\/vukinder.hu\/wp-content\/uploads\/2024\/04\/Mitgliedsantrag.pdf&#8221; link_option_url_new_window=&#8221;on&#8221; global_colors_info=&#8221;{}&#8221;]<\/p>\n<p>PDF form\u00e1tum<\/p>\n<p>[\/et_pb_blurb][\/et_pb_column][et_pb_column type=&#8221;1_3&#8243; _builder_version=&#8221;4.24.3&#8243; _module_preset=&#8221;default&#8221; global_colors_info=&#8221;{}&#8221;][et_pb_blurb title=&#8221;Ad\u00f3 1% felhaszn\u00e1l\u00e1sa 2022&#8243; url=&#8221;https:\/\/vukinder.hu\/wp-content\/uploads\/2024\/06\/22KOZ_VUK.pdf&#8221; url_new_window=&#8221;on&#8221; use_icon=&#8221;on&#8221; font_icon=&#8221;&#x3b;||divi||400&#8243; icon_placement=&#8221;left&#8221; _builder_version=&#8221;4.25.0&#8243; _module_preset=&#8221;default&#8221; module_alignment=&#8221;center&#8221; link_option_url=&#8221;https:\/\/vukinder.hu\/wp-content\/uploads\/2024\/06\/22KOZ_VUK.pdf&#8221; link_option_url_new_window=&#8221;on&#8221; global_colors_info=&#8221;{}&#8221;]<\/p>\n<p>PDF form\u00e1tum<\/p>\n<p>[\/et_pb_blurb][et_pb_blurb title=&#8221;SZJA 1% k\u00f6zlem\u00e9ny&#8221; url=&#8221;https:\/\/vukinder.hu\/wp-content\/uploads\/2025\/06\/etm_120864192638.pdf&#8221; url_new_window=&#8221;on&#8221; use_icon=&#8221;on&#8221; font_icon=&#8221;&#x3b;||divi||400&#8243; icon_placement=&#8221;left&#8221; _builder_version=&#8221;4.27.4&#8243; _module_preset=&#8221;default&#8221; module_alignment=&#8221;center&#8221; link_option_url=&#8221;https:\/\/vukinder.hu\/wp-content\/uploads\/2025\/06\/etm_120864192638.pdf&#8221; link_option_url_new_window=&#8221;on&#8221; hover_enabled=&#8221;0&#8243; global_colors_info=&#8221;{}&#8221; sticky_enabled=&#8221;0&#8243;]<\/p>\n<p>PDF form\u00e1tum<\/p>\n<p>[\/et_pb_blurb][\/et_pb_column][\/et_pb_row][et_pb_row _builder_version=&#8221;4.24.3&#8243; _module_preset=&#8221;default&#8221; max_width=&#8221;1280px&#8221; custom_padding=&#8221;72px||||false|false&#8221; locked=&#8221;off&#8221; global_colors_info=&#8221;{}&#8221;][et_pb_column type=&#8221;4_4&#8243; _builder_version=&#8221;4.17.4&#8243; _module_preset=&#8221;default&#8221; global_colors_info=&#8221;{}&#8221;][et_pb_text _builder_version=&#8221;4.24.3&#8243; _module_preset=&#8221;default&#8221; text_font=&#8221;||||||||&#8221; text_font_size=&#8221;17px&#8221; text_line_height=&#8221;1.8em&#8221; header_font=&#8221;||||||||&#8221; header_text_color=&#8221;#0C71C3&#8243; header_2_font=&#8221;|300|||||||&#8221; header_2_font_size=&#8221;35px&#8221; header_2_line_height=&#8221;1.5em&#8221; text_orientation=&#8221;center&#8221; min_height=&#8221;40px&#8221; custom_padding=&#8221;||0px||false|false&#8221; header_2_font_size_tablet=&#8221;30px&#8221; header_2_font_size_phone=&#8221;20px&#8221; header_2_font_size_last_edited=&#8221;on|phone&#8221; border_color_all=&#8221;#7CDA24&#8243; border_width_bottom=&#8221;1px&#8221; border_color_bottom=&#8221;#0c71c3&#8243; locked=&#8221;off&#8221; global_colors_info=&#8221;{}&#8221;]<\/p>\n<p style=\"text-align: center;\"><strong>Nemzetis\u00e9gi civil szervezetek 2023. \u00e9vi k\u00f6lts\u00e9gvet\u00e9si t\u00e1mogat\u00e1sa<\/strong><\/p>\n<p>[\/et_pb_text][et_pb_text _builder_version=&#8221;4.25.0&#8243; _module_preset=&#8221;default&#8221; global_colors_info=&#8221;{}&#8221;]<\/p>\n<p>Az Egyes\u00fclet 2024. \u00e9vi m\u0171k\u00f6d\u00e9s\u00e9t a Minisztereln\u00f6ks\u00e9g Egyh\u00e1zi \u00e9s Nemzetis\u00e9gi Kapcsolatok\u00e9rt Felel\u0151s \u00c1llamtitk\u00e1rs\u00e1ga megb\u00edz\u00e1s\u00e1b\u00f3l a Bethlen G\u00e1bor Alapkezel\u0151 Zrt. t\u00e1mogatta \u201eNemzetis\u00e9gi civil szervezetek 2024. \u00e9vi k\u00f6lts\u00e9gvet\u00e9si t\u00e1mogat\u00e1sa\u201d <strong>NCIV-KP-1-2024\/1<\/strong> ki\u00edrt p\u00e1ly\u00e1zat keret\u00e9ben \u201e<strong>Nemzetis\u00e9gi civil szervezetek 2024. \u00e9vi k\u00f6lts\u00e9gvet\u00e9si t\u00e1mogat\u00e1sa<\/strong>\u201d<\/p>\n<p><strong>2024. jan.1-dec.31.<\/strong><\/p>\n<p><strong>5.000.000 Ft<\/strong><\/p>\n<p>[\/et_pb_text][et_pb_image src=&#8221;https:\/\/vukinder.hu\/wp-content\/uploads\/2025\/01\/keszult_magyarorszag_korm_tamogatasaval_2024-2048&#215;532-1.jpg&#8221; title_text=&#8221;keszult_magyarorszag_korm_tamogatasaval_2024&#8243; align=&#8221;center&#8221; _builder_version=&#8221;4.25.0&#8243; _module_preset=&#8221;default&#8221; width=&#8221;60%&#8221; global_colors_info=&#8221;{}&#8221;][\/et_pb_image][et_pb_text _builder_version=&#8221;4.25.0&#8243; _module_preset=&#8221;default&#8221; global_colors_info=&#8221;{}&#8221;]<\/p>\n<p><span>Az Egyes\u00fclet 2023. \u00e9vi m\u0171k\u00f6d\u00e9s\u00e9t a Minisztereln\u00f6ks\u00e9g Egyh\u00e1zi \u00e9s Nemzetis\u00e9gi Kapcsolatok\u00e9rt Felel\u0151s \u00c1llamtitk\u00e1rs\u00e1ga megb\u00edz\u00e1s\u00e1b\u00f3l a Bethlen G\u00e1bor Alapkezel\u0151 Zrt. t\u00e1mogatta <\/span><span>&#8222;Nemzetis\u00e9gi civil szervezetek 2023. \u00e9vi k\u00f6lts\u00e9gvet\u00e9si t\u00e1mogat\u00e1sa&#8221; <\/span><strong>NCIV-KP-1-2023\/1<\/strong><span>\u00a0ki\u00edrt p\u00e1ly\u00e1zat keret\u00e9ben <\/span><span>&#8222;<\/span><strong>Nemzetis\u00e9gi civil szervezetek 2023. \u00e9vi k\u00f6lts\u00e9gvet\u00e9si t\u00e1mogat\u00e1sa<\/strong><span>&#8222;<\/span><\/p>\n<p><strong>2023. jan.1-dec.31.<\/strong><\/p>\n<p><strong>4.500.000 Ft<\/strong><\/p>\n<p>[\/et_pb_text][et_pb_image src=&#8221;http:\/\/vuk.udgeschichte.hu\/wp-content\/uploads\/2024\/04\/keszult_magyarorszag_korm_tamogatasaval_2023-2048&#215;532-1.jpg&#8221; title_text=&#8221;keszult_magyarorszag_korm_tamogatasaval_2023&#8243; align=&#8221;center&#8221; _builder_version=&#8221;4.24.3&#8243; _module_preset=&#8221;default&#8221; width=&#8221;60%&#8221; global_colors_info=&#8221;{}&#8221;][\/et_pb_image][et_pb_text _builder_version=&#8221;4.25.0&#8243; _module_preset=&#8221;default&#8221; global_colors_info=&#8221;{}&#8221;]<\/p>\n<p>Az Egyes\u00fclet 2022. \u00e9vi m\u0171k\u00f6d\u00e9s\u00e9t a Minisztereln\u00f6ks\u00e9g Egyh\u00e1zi \u00e9s Nemzetis\u00e9gi Kapcsolatok\u00e9rt Felel\u0151s \u00c1llamtitk\u00e1rs\u00e1ga megb\u00edz\u00e1s\u00e1b\u00f3l a Bethlen G\u00e1bor Alapkezel\u0151 Zrt. t\u00e1mogatta \u201eNemzetis\u00e9gi civil szervezetek 2022. \u00e9vi k\u00f6lts\u00e9gvet\u00e9si t\u00e1mogat\u00e1sa\u201d <strong>NCIV-KP-1-2022\/1<\/strong> ki\u00edrt p\u00e1ly\u00e1zat keret\u00e9ben \u201e<strong>Nemzetis\u00e9gi civil szervezetek 2022. \u00e9vi k\u00f6lts\u00e9gvet\u00e9si t\u00e1mogat\u00e1sa<\/strong>\u201d<\/p>\n<p><strong>2022. jan.1-dec.31.<\/strong><\/p>\n<p><strong>5.000.000 Ft<\/strong><\/p>\n<p>[\/et_pb_text][et_pb_image src=&#8221;https:\/\/vukinder.hu\/wp-content\/uploads\/2025\/01\/keszult_magyarorszag_korm_tamogatasaval_2022.jpg&#8221; title_text=&#8221;keszult_magyarorszag_korm_tamogatasaval_2015&#8243; align=&#8221;center&#8221; _builder_version=&#8221;4.25.0&#8243; _module_preset=&#8221;default&#8221; width=&#8221;60%&#8221; global_colors_info=&#8221;{}&#8221;][\/et_pb_image][et_pb_text _builder_version=&#8221;4.25.0&#8243; _module_preset=&#8221;default&#8221; global_colors_info=&#8221;{}&#8221;]<\/p>\n<p>Az Egyes\u00fclet 2021. \u00e9vi m\u0171k\u00f6d\u00e9s\u00e9t a Minisztereln\u00f6ks\u00e9g Egyh\u00e1zi \u00e9s Nemzetis\u00e9gi Kapcsolatok\u00e9rt Felel\u0151s \u00c1llamtitk\u00e1rs\u00e1ga megb\u00edz\u00e1s\u00e1b\u00f3l a Bethlen G\u00e1bor Alapkezel\u0151 Zrt. t\u00e1mogatta \u201eNemzetis\u00e9gi civil szervezetek 2021. \u00e9vi k\u00f6lts\u00e9gvet\u00e9si t\u00e1mogat\u00e1sa\u201d <strong>NCIV-KP-1-2021\/1<\/strong> ki\u00edrt p\u00e1ly\u00e1zat keret\u00e9ben \u201e<strong>Nemzetis\u00e9gi civil szervezetek 2021. \u00e9vi k\u00f6lts\u00e9gvet\u00e9si t\u00e1mogat\u00e1sa<\/strong>\u201d<\/p>\n<p><strong>2021. jan.1-dec.31.<\/strong><\/p>\n<p><strong>5.000.000 Ft<\/strong><\/p>\n<p>[\/et_pb_text][et_pb_image src=&#8221;https:\/\/vukinder.hu\/wp-content\/uploads\/2025\/01\/keszult_magyarorszag_korm_tamogatasaval_2021.jpg&#8221; title_text=&#8221;keszult_magyarorszag_korm_tamogatasaval_2021&#8243; align=&#8221;center&#8221; _builder_version=&#8221;4.25.0&#8243; _module_preset=&#8221;default&#8221; width=&#8221;60%&#8221; global_colors_info=&#8221;{}&#8221;][\/et_pb_image][\/et_pb_column][\/et_pb_row][\/et_pb_section]<\/p>\n","protected":false},"excerpt":{"rendered":"<p>DokumentumokPDF form\u00e1tumPDF form\u00e1tumPDF form\u00e1tumPDF form\u00e1tumPDF form\u00e1tumPDF form\u00e1tumNemzetis\u00e9gi civil szervezetek 2023. \u00e9vi k\u00f6lts\u00e9gvet\u00e9si t\u00e1mogat\u00e1saAz Egyes\u00fclet 2024. \u00e9vi m\u0171k\u00f6d\u00e9s\u00e9t a Minisztereln\u00f6ks\u00e9g Egyh\u00e1zi \u00e9s Nemzetis\u00e9gi Kapcsolatok\u00e9rt Felel\u0151s \u00c1llamtitk\u00e1rs\u00e1ga megb\u00edz\u00e1s\u00e1b\u00f3l a Bethlen G\u00e1bor Alapkezel\u0151 Zrt. t\u00e1mogatta \u201eNemzetis\u00e9gi civil szervezetek 2024. \u00e9vi k\u00f6lts\u00e9gvet\u00e9si t\u00e1mogat\u00e1sa\u201d NCIV-KP-1-2024\/1 ki\u00edrt p\u00e1ly\u00e1zat keret\u00e9ben \u201eNemzetis\u00e9gi civil szervezetek 2024. \u00e9vi k\u00f6lts\u00e9gvet\u00e9si t\u00e1mogat\u00e1sa\u201d 2024. jan.1-dec.31. 5.000.000 FtAz Egyes\u00fclet [&hellip;]<\/p>\n","protected":false},"author":1,"featured_media":0,"parent":0,"menu_order":0,"comment_status":"closed","ping_status":"closed","template":"","meta":{"_et_pb_use_builder":"on","_et_pb_old_content":"","_et_gb_content_width":"","footnotes":""},"class_list":["post-231326","page","type-page","status-publish","hentry"],"_links":{"self":[{"href":"https:\/\/vukinder.hu\/hu\/wp-json\/wp\/v2\/pages\/231326","targetHints":{"allow":["GET"]}}],"collection":[{"href":"https:\/\/vukinder.hu\/hu\/wp-json\/wp\/v2\/pages"}],"about":[{"href":"https:\/\/vukinder.hu\/hu\/wp-json\/wp\/v2\/types\/page"}],"author":[{"embeddable":true,"href":"https:\/\/vukinder.hu\/hu\/wp-json\/wp\/v2\/users\/1"}],"replies":[{"embeddable":true,"href":"https:\/\/vukinder.hu\/hu\/wp-json\/wp\/v2\/comments?post=231326"}],"version-history":[{"count":9,"href":"https:\/\/vukinder.hu\/hu\/wp-json\/wp\/v2\/pages\/231326\/revisions"}],"predecessor-version":[{"id":231933,"href":"https:\/\/vukinder.hu\/hu\/wp-json\/wp\/v2\/pages\/231326\/revisions\/231933"}],"wp:attachment":[{"href":"https:\/\/vukinder.hu\/hu\/wp-json\/wp\/v2\/media?parent=231326"}],"curies":[{"name":"wp","href":"https:\/\/api.w.org\/{rel}","templated":true}]}}