{"id":231352,"date":"2022-06-01T12:16:23","date_gmt":"2022-06-01T10:16:23","guid":{"rendered":"https:\/\/vuk.udgeschichte.hu\/?page_id=231352"},"modified":"2024-04-19T14:11:38","modified_gmt":"2024-04-19T12:11:38","slug":"tamogatas","status":"publish","type":"page","link":"https:\/\/vukinder.hu\/hu\/tamogatas\/","title":{"rendered":"T\u00e1mogat\u00e1s"},"content":{"rendered":"<p>[et_pb_section fb_built=&#8221;1&#8243; _builder_version=&#8221;4.23.3&#8243; _module_preset=&#8221;default&#8221; background_enable_color=&#8221;off&#8221; custom_margin=&#8221;0px||0px||false|false&#8221; custom_padding=&#8221;48px||48px||false|false&#8221; border_color_bottom=&#8221;#c9c9c9&#8243; locked=&#8221;off&#8221; global_colors_info=&#8221;{}&#8221;][et_pb_row _builder_version=&#8221;4.24.3&#8243; _module_preset=&#8221;default&#8221; max_width=&#8221;1280px&#8221; locked=&#8221;off&#8221; global_colors_info=&#8221;{}&#8221;][et_pb_column type=&#8221;4_4&#8243; _builder_version=&#8221;4.17.4&#8243; _module_preset=&#8221;default&#8221; global_colors_info=&#8221;{}&#8221;][et_pb_text _builder_version=&#8221;4.24.3&#8243; _module_preset=&#8221;default&#8221; text_font=&#8221;||||||||&#8221; text_font_size=&#8221;21px&#8221; text_line_height=&#8221;1.8em&#8221; header_font=&#8221;||||||||&#8221; header_text_color=&#8221;#0C71C3&#8243; header_2_font=&#8221;|300|||||||&#8221; header_2_font_size=&#8221;35px&#8221; header_2_line_height=&#8221;1.5em&#8221; text_orientation=&#8221;center&#8221; min_height=&#8221;56px&#8221; custom_padding=&#8221;||0px||false|false&#8221; header_2_font_size_tablet=&#8221;30px&#8221; header_2_font_size_phone=&#8221;20px&#8221; header_2_font_size_last_edited=&#8221;on|phone&#8221; border_color_all=&#8221;#7CDA24&#8243; border_width_bottom=&#8221;1px&#8221; border_color_bottom=&#8221;#0c71c3&#8243; locked=&#8221;off&#8221; global_colors_info=&#8221;{}&#8221;]<\/p>\n<h1 style=\"text-align: center;\">Hogyan tud \u00d6n t\u00e1mogatni minket?<\/h1>\n<p>[\/et_pb_text][\/et_pb_column][\/et_pb_row][et_pb_row column_structure=&#8221;1_4,1_4,1_4,1_4&#8243; _builder_version=&#8221;4.23.3&#8243; _module_preset=&#8221;default&#8221; max_width=&#8221;1280px&#8221; global_colors_info=&#8221;{}&#8221;][et_pb_column type=&#8221;1_4&#8243; _builder_version=&#8221;4.23.3&#8243; _module_preset=&#8221;default&#8221; global_colors_info=&#8221;{}&#8221;][et_pb_blurb title=&#8221;Adom\u00e1ny&#8221; url=&#8221;@ET-DC@eyJkeW5hbWljIjp0cnVlLCJjb250ZW50IjoicG9zdF9saW5rX3VybF9wYWdlIiwic2V0dGluZ3MiOnsicG9zdF9pZCI6IjI2MiJ9fQ==@&#8221; image=&#8221;http:\/\/vuk.udgeschichte.hu\/wp-content\/uploads\/2023\/12\/donation2.png&#8221; image_icon_width=&#8221;31%&#8221; _builder_version=&#8221;4.24.3&#8243; _dynamic_attributes=&#8221;url&#8221; _module_preset=&#8221;default&#8221; background_color=&#8221;#efefef&#8221; text_orientation=&#8221;center&#8221; custom_padding=&#8221;56px|40px|56px|40px|true|false&#8221; hover_enabled=&#8221;0&#8243; border_radii=&#8221;on|19px|19px|19px|19px&#8221; global_colors_info=&#8221;{}&#8221; sticky_enabled=&#8221;0&#8243;]<\/p>\n<p>T\u00e1mogassa tev\u00e9kenys\u00e9g\u00fcnket mag\u00e1nszem\u00e9lyk\u00e9nt vagy c\u00e9gk\u00e9nt, az ut\u00f3bbiak ily m\u00f3don ad\u00f3kedvezm\u00e9nyre tehetnek szert.<\/p>\n<p>[\/et_pb_blurb][\/et_pb_column][et_pb_column type=&#8221;1_4&#8243; _builder_version=&#8221;4.23.3&#8243; _module_preset=&#8221;default&#8221; global_colors_info=&#8221;{}&#8221;][et_pb_blurb title=&#8221;\u00d6nk\u00e9ntess\u00e9g&#8221; url=&#8221;@ET-DC@eyJkeW5hbWljIjp0cnVlLCJjb250ZW50IjoicG9zdF9saW5rX3VybF9wYWdlIiwic2V0dGluZ3MiOnsicG9zdF9pZCI6IjI2MiJ9fQ==@&#8221; image=&#8221;http:\/\/vuk.udgeschichte.hu\/wp-content\/uploads\/2023\/12\/volunteer.png&#8221; image_icon_width=&#8221;31%&#8221; _builder_version=&#8221;4.23.3&#8243; _dynamic_attributes=&#8221;url&#8221; _module_preset=&#8221;default&#8221; background_color=&#8221;#efefef&#8221; text_orientation=&#8221;center&#8221; custom_padding=&#8221;56px|40px|56px|40px|true|false&#8221; border_radii=&#8221;on|19px|19px|19px|19px&#8221; global_colors_info=&#8221;{}&#8221;]<\/p>\n<p>A VUK-n\u00e1l \u00f6nk\u00e9ntesnek lenni: \u00e9letre sz\u00f3l\u00f3 kaland. T\u00e1borainkba 16 \u00e9ves kort\u00f3l jelentkezhetnek tanul\u00f3k, hallgat\u00f3k \u00e9s fiatal feln\u0151ttek. J\u00e1t\u00e9k, \u00f6r\u00f6mteli egy\u00fcttl\u00e9t, kreativit\u00e1s, \u00faj tal\u00e1lkoz\u00e1sok \u00e9s bar\u00e1ts\u00e1gok v\u00e1rj\u00e1k seg\u00edt\u0151inket.<\/p>\n<p>[\/et_pb_blurb][\/et_pb_column][et_pb_column type=&#8221;1_4&#8243; _builder_version=&#8221;4.23.3&#8243; _module_preset=&#8221;default&#8221; global_colors_info=&#8221;{}&#8221;][et_pb_blurb title=&#8221;T\u00e1rgyi adom\u00e1ny&#8221; url=&#8221;@ET-DC@eyJkeW5hbWljIjp0cnVlLCJjb250ZW50IjoicG9zdF9saW5rX3VybF9wYWdlIiwic2V0dGluZ3MiOnsicG9zdF9pZCI6IjI2MiJ9fQ==@&#8221; image=&#8221;http:\/\/vuk.udgeschichte.hu\/wp-content\/uploads\/2023\/12\/gift.png&#8221; image_icon_width=&#8221;31%&#8221; _builder_version=&#8221;4.24.3&#8243; _dynamic_attributes=&#8221;url&#8221; _module_preset=&#8221;default&#8221; background_color=&#8221;#efefef&#8221; text_orientation=&#8221;center&#8221; custom_padding=&#8221;56px|40px|56px|40px|true|false&#8221; hover_enabled=&#8221;0&#8243; border_radii=&#8221;on|19px|19px|19px|19px&#8221; global_colors_info=&#8221;{}&#8221; sticky_enabled=&#8221;0&#8243;]<\/p>\n<p>Sz\u00edvesen vesz\u00fcnk t\u00e1rgyi felaj\u00e1nl\u00e1st, mint technikai eszk\u00f6z\u00f6ket, nyomtat\u00f3patront, irodai berendez\u00e9st, bark\u00e1csalapanyagot, vagy hasonl\u00f3kat. Vegye fel vel\u00fcnk a kapcsolatot.<\/p>\n<p>[\/et_pb_blurb][\/et_pb_column][et_pb_column type=&#8221;1_4&#8243; _builder_version=&#8221;4.23.3&#8243; _module_preset=&#8221;default&#8221; global_colors_info=&#8221;{}&#8221;][et_pb_blurb title=&#8221;Ad\u00f3 1% felaj\u00e1nl\u00e1s&#8221; url=&#8221;@ET-DC@eyJkeW5hbWljIjp0cnVlLCJjb250ZW50IjoicG9zdF9saW5rX3VybF9wYWdlIiwic2V0dGluZ3MiOnsicG9zdF9pZCI6IjI2MiJ9fQ==@&#8221; image=&#8221;http:\/\/vuk.udgeschichte.hu\/wp-content\/uploads\/2023\/12\/szazalek.png&#8221; image_icon_width=&#8221;31%&#8221; _builder_version=&#8221;4.24.3&#8243; _dynamic_attributes=&#8221;url&#8221; _module_preset=&#8221;default&#8221; background_color=&#8221;#efefef&#8221; text_orientation=&#8221;center&#8221; custom_padding=&#8221;56px|40px|56px|40px|true|false&#8221; hover_enabled=&#8221;0&#8243; border_radii=&#8221;on|19px|19px|19px|19px&#8221; global_colors_info=&#8221;{}&#8221; sticky_enabled=&#8221;0&#8243;]<\/p>\n<p>Egyed\u00fcl\u00e1ll\u00f3 m\u00f3don, egy Forint t\u00f6bbletkiad\u00e1s n\u00e9lk\u00fcl t\u00e1mogathatja egyes\u00fclet\u00fcnket! Csak az ad\u00f3sz\u00e1munkat 18635762-1-17 kell megadnia ad\u00f3bevall\u00e1s\u00e1hoz, \u00e9s m\u00e1ris valami csod\u00e1s dolgot tudunk megval\u00f3s\u00edtani a magyarorsz\u00e1gi n\u00e9met gyerekek sz\u00e1m\u00e1ra.<\/p>\n<p>[\/et_pb_blurb][\/et_pb_column][\/et_pb_row][et_pb_row _builder_version=&#8221;4.23.3&#8243; _module_preset=&#8221;default&#8221; global_colors_info=&#8221;{}&#8221;][et_pb_column type=&#8221;4_4&#8243; _builder_version=&#8221;4.23.3&#8243; _module_preset=&#8221;default&#8221; global_colors_info=&#8221;{}&#8221;][et_pb_button button_url=&#8221;@ET-DC@eyJkeW5hbWljIjp0cnVlLCJjb250ZW50IjoicG9zdF9saW5rX3VybF9wYWdlIiwic2V0dGluZ3MiOnsicG9zdF9pZCI6IjEwMSJ9fQ==@&#8221; button_text=&#8221;Kapcsolatfelv\u00e9tel&#8221; button_alignment=&#8221;center&#8221; _builder_version=&#8221;4.24.3&#8243; _dynamic_attributes=&#8221;button_url&#8221; _module_preset=&#8221;default&#8221; global_colors_info=&#8221;{}&#8221;][\/et_pb_button][\/et_pb_column][\/et_pb_row][\/et_pb_section]<\/p>\n","protected":false},"excerpt":{"rendered":"<p>Hogyan tud \u00d6n t\u00e1mogatni minket?T\u00e1mogassa tev\u00e9kenys\u00e9g\u00fcnket mag\u00e1nszem\u00e9lyk\u00e9nt vagy c\u00e9gk\u00e9nt, az ut\u00f3bbiak ily m\u00f3don ad\u00f3kedvezm\u00e9nyre tehetnek szert.A VUK-n\u00e1l \u00f6nk\u00e9ntesnek lenni: \u00e9letre sz\u00f3l\u00f3 kaland. T\u00e1borainkba 16 \u00e9ves kort\u00f3l jelentkezhetnek tanul\u00f3k, hallgat\u00f3k \u00e9s fiatal feln\u0151ttek. J\u00e1t\u00e9k, \u00f6r\u00f6mteli egy\u00fcttl\u00e9t, kreativit\u00e1s, \u00faj tal\u00e1lkoz\u00e1sok \u00e9s bar\u00e1ts\u00e1gok v\u00e1rj\u00e1k seg\u00edt\u0151inket.Sz\u00edvesen vesz\u00fcnk t\u00e1rgyi felaj\u00e1nl\u00e1st, mint technikai eszk\u00f6z\u00f6ket, nyomtat\u00f3patront, irodai berendez\u00e9st, bark\u00e1csalapanyagot, vagy hasonl\u00f3kat. Vegye [&hellip;]<\/p>\n","protected":false},"author":1,"featured_media":0,"parent":0,"menu_order":0,"comment_status":"closed","ping_status":"closed","template":"","meta":{"_et_pb_use_builder":"on","_et_pb_old_content":"","_et_gb_content_width":"","footnotes":""},"class_list":["post-231352","page","type-page","status-publish","hentry"],"_links":{"self":[{"href":"https:\/\/vukinder.hu\/hu\/wp-json\/wp\/v2\/pages\/231352","targetHints":{"allow":["GET"]}}],"collection":[{"href":"https:\/\/vukinder.hu\/hu\/wp-json\/wp\/v2\/pages"}],"about":[{"href":"https:\/\/vukinder.hu\/hu\/wp-json\/wp\/v2\/types\/page"}],"author":[{"embeddable":true,"href":"https:\/\/vukinder.hu\/hu\/wp-json\/wp\/v2\/users\/1"}],"replies":[{"embeddable":true,"href":"https:\/\/vukinder.hu\/hu\/wp-json\/wp\/v2\/comments?post=231352"}],"version-history":[{"count":3,"href":"https:\/\/vukinder.hu\/hu\/wp-json\/wp\/v2\/pages\/231352\/revisions"}],"predecessor-version":[{"id":231369,"href":"https:\/\/vukinder.hu\/hu\/wp-json\/wp\/v2\/pages\/231352\/revisions\/231369"}],"wp:attachment":[{"href":"https:\/\/vukinder.hu\/hu\/wp-json\/wp\/v2\/media?parent=231352"}],"curies":[{"name":"wp","href":"https:\/\/api.w.org\/{rel}","templated":true}]}}