{"id":231941,"date":"2025-07-28T00:35:02","date_gmt":"2025-07-27T23:35:02","guid":{"rendered":"https:\/\/vukinder.hu\/?page_id=231941"},"modified":"2025-09-01T09:30:30","modified_gmt":"2025-09-01T08:30:30","slug":"vuk-csaladi-hetvege","status":"publish","type":"page","link":"https:\/\/vukinder.hu\/hu\/vuk-csaladi-hetvege\/","title":{"rendered":"VUK Csal\u00e1di h\u00e9tv\u00e9ge"},"content":{"rendered":"<p>[et_pb_section fb_built=&#8221;1&#8243; fullwidth=&#8221;on&#8221; _builder_version=&#8221;4.27.4&#8243; _module_preset=&#8221;default&#8221; height=&#8221;320px&#8221; locked=&#8221;off&#8221; global_colors_info=&#8221;{}&#8221;][et_pb_fullwidth_slider use_bg_overlay=&#8221;on&#8221; use_text_overlay=&#8221;on&#8221; text_overlay_color=&#8221;#E02B20&#8243; text_border_radius=&#8221;8px&#8221; _builder_version=&#8221;4.27.4&#8243; _module_preset=&#8221;default&#8221; height=&#8221;320px&#8221; custom_padding=&#8221;50px||50px||false|false&#8221; global_colors_info=&#8221;{}&#8221;][et_pb_slide heading=&#8221;VUK Csal\u00e1di H\u00e9tv\u00e9ge 2025&#8243; use_bg_overlay=&#8221;on&#8221; bg_overlay_color=&#8221;rgba(10,0,0,0.4)&#8221; use_text_overlay=&#8221;off&#8221; alignment=&#8221;bottom&#8221; _builder_version=&#8221;4.27.4&#8243; _module_preset=&#8221;default&#8221; background_image=&#8221;https:\/\/vukinder.hu\/wp-content\/uploads\/2023\/12\/Bei-der-Arbeit-was-beinhalten-die-Schieferplatten-scaled.jpg&#8221; background_enable_image=&#8221;on&#8221; header_text_shadow_style=&#8221;preset1&#8243; global_colors_info=&#8221;{}&#8221; sticky_transition=&#8221;on&#8221;][\/et_pb_slide][\/et_pb_fullwidth_slider][\/et_pb_section][et_pb_section fb_built=&#8221;1&#8243; _builder_version=&#8221;4.27.4&#8243; _module_preset=&#8221;default&#8221; locked=&#8221;off&#8221; global_colors_info=&#8221;{}&#8221;][et_pb_row _builder_version=&#8221;4.24.3&#8243; _module_preset=&#8221;default&#8221; max_width=&#8221;1280px&#8221; custom_padding=&#8221;27px|||||&#8221; locked=&#8221;off&#8221; global_colors_info=&#8221;{}&#8221;][et_pb_column type=&#8221;4_4&#8243; _builder_version=&#8221;4.17.4&#8243; _module_preset=&#8221;default&#8221; global_colors_info=&#8221;{}&#8221;][et_pb_text _builder_version=&#8221;4.27.4&#8243; _module_preset=&#8221;default&#8221; locked=&#8221;off&#8221; global_colors_info=&#8221;{}&#8221;]<\/p>\n<p style=\"font-weight: 400;\">Szeretettel v\u00e1runk<span>\u00a0<\/span><strong>okt\u00f3ber utols\u00f3 h\u00e9tv\u00e9g\u00e9j\u00e9n<\/strong><span>\u00a0<\/span>minden kicsit \u00e9s nagyot csal\u00e1di rendezv\u00e9ny\u00fcnkre, ahol v\u00e1ltozatos programokat k\u00edn\u00e1lunk<span>\u00a0<\/span><strong>a fiatal \u00e9s az id\u0151sebb nemzed\u00e9k sz\u00e1m\u00e1ra<\/strong><span>\u00a0<\/span>egyar\u00e1nt. C\u00e9lunk a<span>\u00a0<\/span><strong>csal\u00e1dok k\u00e9tnyelv\u0171 nevel\u00e9s\u00e9nek t\u00e1mogat\u00e1sa<\/strong>, a<span>\u00a0<\/span><strong>nemzetis\u00e9gi identit\u00e1s er\u0151s\u00edt\u00e9se<\/strong>, valamint a<span>\u00a0<\/span><strong>j\u00f6v\u0151beli VUK-programok tervez\u00e9se<\/strong>. A program a N\u00e9met Bel\u00fcgyminiszt\u00e9rium (BMI) t\u00e1mogat\u00e1s\u00e1val val\u00f3sul meg.<\/p>\n<p style=\"font-weight: 400;\">Tal\u00e1lkoz\u00f3nk \u00faj helysz\u00edne: Schlosshotel*** Fried, Simontornya (<a href=\"https:\/\/friedhotel.hu\/hu\/\" data-saferedirecturl=\"https:\/\/www.google.com\/url?q=https:\/\/friedhotel.hu\/hu\/&amp;source=gmail&amp;ust=1753743964378000&amp;usg=AOvVaw1D8el497nc3saMAZKkGQ06\">https:\/\/friedhotel.hu\/hu\/<\/a><span>\u00a0<\/span>)<\/p>\n<p style=\"font-weight: 400;\"><strong>\u00a0<\/strong><\/p>\n<p style=\"font-weight: 400;\"><strong>Alap\u00e1r<span>\u00a0<\/span><\/strong>(sz\u00e1ll\u00e1s + teljes ell\u00e1t\u00e1s + programok + wellness r\u00e9szleg):<\/p>\n<p style=\"font-weight: 400;\">Standard k\u00e9t\u00e1gyas szoba: 115.800 Ft \/ 2 feln\u0151tt \/ 2 \u00e9jszaka<\/p>\n<p style=\"font-weight: 400;\">Superior k\u00e9t\u00e1gyas szoba: 121.800 Ft \/ 2 feln\u0151tt \/ 2 \u00e9jszaka<\/p>\n<p style=\"font-weight: 400;\">Superior h\u00e1rom\u00e1gyas szoba: 167.800 Ft \/ 3 feln\u0151tt \/ 2 \u00e9jszaka<\/p>\n<p style=\"font-weight: 400;\">Csal\u00e1di szoba: 145.800 Ft \/ 2 feln\u0151tt \/ 2 \u00e9jszaka<\/p>\n<p style=\"font-weight: 400;\">Apartman:145.800 Ft \/ 2 feln\u0151tt \/ 2 \u00e9jszaka<\/p>\n<p style=\"font-weight: 400;\">\n<p style=\"font-weight: 400;\"><strong>Gyerekkedvezm\u00e9ny:<\/strong><\/p>\n<p style=\"font-weight: 400;\">Gyerekek sz\u00fcl\u0151kkel egy szob\u00e1ban elsz\u00e1ll\u00e1solva (sz\u00e1ll\u00e1s + teljes ell\u00e1t\u00e1s + programok):<\/p>\n<p style=\"font-weight: 400;\">0-4,9 \u00e9ves kor k\u00f6z\u00f6tt: ingyenes<\/p>\n<p style=\"font-weight: 400;\">5-11,9 \u00e9ves kor k\u00f6z\u00f6tt: 50% kedvezm\u00e9ny<\/p>\n<p style=\"font-weight: 400;\">12-17,9 \u00e9ves kor k\u00f6z\u00f6tt: 15% kedvezm\u00e9ny a sz\u00e1ll\u00e1sb\u00f3l, eb\u00e9d: 13.980 Ft \/ gyermek<\/p>\n<p style=\"font-weight: 400;\"><strong><a href=\"https:\/\/vukinder.hu\/wp-content\/uploads\/2025\/09\/FamWE_Unterkunft_2025.pdf\" target=\"_blank\" rel=\"noopener\">Tov\u00e1bbi r\u00e9szletek (PDF)<\/a><\/strong><\/p>\n<p style=\"font-weight: 400;\">\n<p style=\"font-weight: 400;\"><strong>Idegenforgalmi ad\u00f3<\/strong><span>\u00a0<\/span>18 \u00e9v felett: 400 Ft \/ f\u0151 \/ \u00e9jszaka \u2013 k\u00fcl\u00f6n fizetend\u0151 a helysz\u00ednen<\/p>\n<p style=\"font-weight: 400;\">\n<p style=\"font-weight: 400;\">A BMI t\u00e1mogat\u00e1sa lehet\u0151v\u00e9 teszi az \u00e1rak cs\u00f6kkent\u00e9s\u00e9t.<br \/>Azon egyes\u00fcleti tagjaink, akik augusztus 31-ig befizetik \u00e9ves tagd\u00edjukat (5000 Ft\/ csal\u00e1d), biztosan kapnak \u00e1rkedvezm\u00e9nyt.<\/p>\n<p>[\/et_pb_text][et_pb_button button_url=&#8221;https:\/\/forms.office.com\/Pages\/ResponsePage.aspx?id=U9SlFCBQTEqenjh-EyV98pDCcicH7llLshqf8aTO_WhUOU5LMDNKV0tOU1lMQ0E3NU1CODBFTTk4Mi4u&#8221; url_new_window=&#8221;on&#8221; button_text=&#8221;Jelentkez\u00e9s a t\u00e1borra&#8221; button_alignment=&#8221;left&#8221; _builder_version=&#8221;4.27.4&#8243; _module_preset=&#8221;default&#8221; global_colors_info=&#8221;{}&#8221;][\/et_pb_button][\/et_pb_column][\/et_pb_row][\/et_pb_section]<\/p>\n","protected":false},"excerpt":{"rendered":"<p>Szeretettel v\u00e1runk\u00a0okt\u00f3ber utols\u00f3 h\u00e9tv\u00e9g\u00e9j\u00e9n\u00a0minden kicsit \u00e9s nagyot csal\u00e1di rendezv\u00e9ny\u00fcnkre, ahol v\u00e1ltozatos programokat k\u00edn\u00e1lunk\u00a0a fiatal \u00e9s az id\u0151sebb nemzed\u00e9k sz\u00e1m\u00e1ra\u00a0egyar\u00e1nt. C\u00e9lunk a\u00a0csal\u00e1dok k\u00e9tnyelv\u0171 nevel\u00e9s\u00e9nek t\u00e1mogat\u00e1sa, a\u00a0nemzetis\u00e9gi identit\u00e1s er\u0151s\u00edt\u00e9se, valamint a\u00a0j\u00f6v\u0151beli VUK-programok tervez\u00e9se. A program a N\u00e9met Bel\u00fcgyminiszt\u00e9rium (BMI) t\u00e1mogat\u00e1s\u00e1val val\u00f3sul meg. Tal\u00e1lkoz\u00f3nk \u00faj helysz\u00edne: Schlosshotel*** Fried, Simontornya (https:\/\/friedhotel.hu\/hu\/\u00a0) \u00a0 Alap\u00e1r\u00a0(sz\u00e1ll\u00e1s + teljes ell\u00e1t\u00e1s + programok + [&hellip;]<\/p>\n","protected":false},"author":1,"featured_media":0,"parent":0,"menu_order":0,"comment_status":"closed","ping_status":"closed","template":"","meta":{"_et_pb_use_builder":"on","_et_pb_old_content":"","_et_gb_content_width":"","footnotes":""},"class_list":["post-231941","page","type-page","status-publish","hentry"],"_links":{"self":[{"href":"https:\/\/vukinder.hu\/hu\/wp-json\/wp\/v2\/pages\/231941","targetHints":{"allow":["GET"]}}],"collection":[{"href":"https:\/\/vukinder.hu\/hu\/wp-json\/wp\/v2\/pages"}],"about":[{"href":"https:\/\/vukinder.hu\/hu\/wp-json\/wp\/v2\/types\/page"}],"author":[{"embeddable":true,"href":"https:\/\/vukinder.hu\/hu\/wp-json\/wp\/v2\/users\/1"}],"replies":[{"embeddable":true,"href":"https:\/\/vukinder.hu\/hu\/wp-json\/wp\/v2\/comments?post=231941"}],"version-history":[{"count":3,"href":"https:\/\/vukinder.hu\/hu\/wp-json\/wp\/v2\/pages\/231941\/revisions"}],"predecessor-version":[{"id":231957,"href":"https:\/\/vukinder.hu\/hu\/wp-json\/wp\/v2\/pages\/231941\/revisions\/231957"}],"wp:attachment":[{"href":"https:\/\/vukinder.hu\/hu\/wp-json\/wp\/v2\/media?parent=231941"}],"curies":[{"name":"wp","href":"https:\/\/api.w.org\/{rel}","templated":true}]}}